{"id":161,"date":"2025-01-28T11:07:15","date_gmt":"2025-01-28T14:07:15","guid":{"rendered":"http:\/\/acquiphera.com.br\/index.php\/contact\/"},"modified":"2025-04-25T18:25:31","modified_gmt":"2025-04-25T21:25:31","slug":"contato","status":"publish","type":"page","link":"https:\/\/acquiphera.com.br\/index.php\/contato\/","title":{"rendered":"Contato"},"content":{"rendered":"\t\t<div data-elementor-type=\"wp-page\" data-elementor-id=\"161\" class=\"elementor elementor-161\" data-elementor-post-type=\"page\">\n\t\t\t\t\t\t<section class=\"elementor-section elementor-top-section elementor-element elementor-element-360e87d6 elementor-section-height-min-height elementor-section-items-stretch elementor-section-boxed elementor-section-height-default\" data-id=\"360e87d6\" data-element_type=\"section\" data-settings=\"{&quot;background_background&quot;:&quot;classic&quot;,&quot;shape_divider_bottom&quot;:&quot;waves&quot;}\">\n\t\t\t\t\t<div class=\"elementor-shape elementor-shape-bottom\" data-negative=\"false\">\n\t\t\t<svg xmlns=\"http:\/\/www.w3.org\/2000\/svg\" viewBox=\"0 0 1000 100\" preserveAspectRatio=\"none\">\n\t<path class=\"elementor-shape-fill\" d=\"M421.9,6.5c22.6-2.5,51.5,0.4,75.5,5.3c23.6,4.9,70.9,23.5,100.5,35.7c75.8,32.2,133.7,44.5,192.6,49.7\n\tc23.6,2.1,48.7,3.5,103.4-2.5c54.7-6,106.2-25.6,106.2-25.6V0H0v30.3c0,0,72,32.6,158.4,30.5c39.2-0.7,92.8-6.7,134-22.4\n\tc21.2-8.1,52.2-18.2,79.7-24.2C399.3,7.9,411.6,7.5,421.9,6.5z\"\/>\n<\/svg>\t\t<\/div>\n\t\t\t\t\t<div class=\"elementor-container elementor-column-gap-default\">\n\t\t\t\t\t<div class=\"elementor-column elementor-col-50 elementor-top-column elementor-element elementor-element-37171dcc\" data-id=\"37171dcc\" data-element_type=\"column\">\n\t\t\t<div class=\"elementor-widget-wrap elementor-element-populated\">\n\t\t\t\t\t\t<div class=\"elementor-element elementor-element-62f1d9f9 elementor-widget elementor-widget-heading\" data-id=\"62f1d9f9\" data-element_type=\"widget\" data-widget_type=\"heading.default\">\n\t\t\t\t<div class=\"elementor-widget-container\">\n\t\t\t\t\t<h4 class=\"elementor-heading-title elementor-size-default\">Fique a vontade para perguntar sobre nossos temas<\/h4>\t\t\t\t<\/div>\n\t\t\t\t<\/div>\n\t\t\t\t<div class=\"elementor-element elementor-element-5adef1c5 elementor-widget elementor-widget-heading\" data-id=\"5adef1c5\" data-element_type=\"widget\" data-widget_type=\"heading.default\">\n\t\t\t\t<div class=\"elementor-widget-container\">\n\t\t\t\t\t<h1 class=\"elementor-heading-title elementor-size-default\">Fale com a Gente<\/h1>\t\t\t\t<\/div>\n\t\t\t\t<\/div>\n\t\t\t\t<div class=\"elementor-element elementor-element-32f3d0fb elementor-widget elementor-widget-text-editor\" data-id=\"32f3d0fb\" data-element_type=\"widget\" data-widget_type=\"text-editor.default\">\n\t\t\t\t<div class=\"elementor-widget-container\">\n\t\t\t\t\t\t\t\t\t<p>Sempre dispon\u00edveis para esclarecer d\u00favidas, dar suporte ao seu contrato e para palestras em empresas, ind\u00fastrias, escolas e prefeituras.<\/p>\t\t\t\t\t\t\t\t<\/div>\n\t\t\t\t<\/div>\n\t\t\t\t\t<\/div>\n\t\t<\/div>\n\t\t\t\t<div class=\"elementor-column elementor-col-50 elementor-top-column elementor-element elementor-element-25d10531\" data-id=\"25d10531\" data-element_type=\"column\">\n\t\t\t<div class=\"elementor-widget-wrap elementor-element-populated\">\n\t\t\t\t\t\t<div class=\"elementor-element elementor-element-60cce13e elementor-widget elementor-widget-image\" data-id=\"60cce13e\" data-element_type=\"widget\" data-settings=\"{&quot;motion_fx_motion_fx_scrolling&quot;:&quot;yes&quot;,&quot;motion_fx_translateY_effect&quot;:&quot;yes&quot;,&quot;motion_fx_translateY_direction&quot;:&quot;negative&quot;,&quot;motion_fx_translateY_speed&quot;:{&quot;unit&quot;:&quot;px&quot;,&quot;size&quot;:&quot;0.5&quot;,&quot;sizes&quot;:[]},&quot;motion_fx_translateY_affectedRange&quot;:{&quot;unit&quot;:&quot;%&quot;,&quot;size&quot;:&quot;&quot;,&quot;sizes&quot;:{&quot;start&quot;:0,&quot;end&quot;:100}},&quot;motion_fx_devices&quot;:[&quot;desktop&quot;,&quot;tablet&quot;,&quot;mobile&quot;]}\" data-widget_type=\"image.default\">\n\t\t\t\t<div class=\"elementor-widget-container\">\n\t\t\t\t\t\t\t\t\t\t\t\t\t\t\t<img fetchpriority=\"high\" decoding=\"async\" width=\"700\" height=\"440\" src=\"http:\/\/acquiphera.com.br\/wp-content\/uploads\/2025\/01\/Pic-Contact-Us.png\" class=\"attachment-full size-full wp-image-162\" alt=\"\" srcset=\"http:\/\/acquiphera.com.br\/wp-content\/uploads\/2025\/01\/Pic-Contact-Us.png 700w, http:\/\/acquiphera.com.br\/wp-content\/uploads\/2025\/01\/Pic-Contact-Us-300x189.png 300w\" sizes=\"(max-width: 700px) 100vw, 700px\" \/>\t\t\t\t\t\t\t\t\t\t\t\t\t\t\t<\/div>\n\t\t\t\t<\/div>\n\t\t\t\t\t<\/div>\n\t\t<\/div>\n\t\t\t\t\t<\/div>\n\t\t<\/section>\n\t\t\t\t<section class=\"elementor-section elementor-top-section elementor-element elementor-element-6a1534d3 elementor-reverse-tablet elementor-reverse-mobile elementor-section-boxed elementor-section-height-default elementor-section-height-default\" data-id=\"6a1534d3\" data-element_type=\"section\">\n\t\t\t\t\t\t<div class=\"elementor-container elementor-column-gap-default\">\n\t\t\t\t\t<div class=\"elementor-column elementor-col-50 elementor-top-column elementor-element elementor-element-65a4084c\" data-id=\"65a4084c\" data-element_type=\"column\">\n\t\t\t<div class=\"elementor-widget-wrap elementor-element-populated\">\n\t\t\t\t\t\t<div class=\"elementor-element elementor-element-7dbfbf6 elementor-cta--skin-cover elementor-cta--valign-bottom elementor-animated-content elementor-bg-transform elementor-bg-transform-zoom-in elementor-widget elementor-widget-call-to-action\" data-id=\"7dbfbf6\" data-element_type=\"widget\" data-widget_type=\"call-to-action.default\">\n\t\t\t\t<div class=\"elementor-widget-container\">\n\t\t\t\t\t\t\t<div class=\"elementor-cta\">\n\t\t\t\t\t<div class=\"elementor-cta__bg-wrapper\">\n\t\t\t\t<div class=\"elementor-cta__bg elementor-bg\" style=\"background-image: url(http:\/\/acquiphera.com.br\/wp-content\/uploads\/2025\/01\/Analiseetratamentoaguas.jpg);\" role=\"img\" aria-label=\"Analiseetratamentoaguas\"><\/div>\n\t\t\t\t<div class=\"elementor-cta__bg-overlay\"><\/div>\n\t\t\t<\/div>\n\t\t\t\t\t\t\t<div class=\"elementor-cta__content\">\n\t\t\t\t\n\t\t\t\t\t\t\t\t\t<h3 class=\"elementor-cta__title elementor-cta__content-item elementor-content-item elementor-animated-item--move-up\">\n\t\t\t\t\t\tTratamento de \u00e1gua. Solu\u00e7\u00e3o! Sa\u00fade! Vida. \t\t\t\t\t<\/h3>\n\t\t\t\t\n\t\t\t\t\n\t\t\t\t\t\t\t<\/div>\n\t\t\t\t\t\t<\/div>\n\t\t\t\t\t\t<\/div>\n\t\t\t\t<\/div>\n\t\t\t\t\t<\/div>\n\t\t<\/div>\n\t\t\t\t<div class=\"elementor-column elementor-col-50 elementor-top-column elementor-element elementor-element-68f269ff\" data-id=\"68f269ff\" data-element_type=\"column\">\n\t\t\t<div class=\"elementor-widget-wrap elementor-element-populated\">\n\t\t\t\t\t\t<div class=\"elementor-element elementor-element-27c3c3e7 elementor-widget-divider--separator-type-pattern elementor-widget-divider--view-line elementor-widget elementor-widget-divider\" data-id=\"27c3c3e7\" data-element_type=\"widget\" data-settings=\"{&quot;motion_fx_motion_fx_scrolling&quot;:&quot;yes&quot;,&quot;motion_fx_translateX_effect&quot;:&quot;yes&quot;,&quot;motion_fx_translateX_direction&quot;:&quot;negative&quot;,&quot;motion_fx_translateX_speed&quot;:{&quot;unit&quot;:&quot;px&quot;,&quot;size&quot;:&quot;0.3&quot;,&quot;sizes&quot;:[]},&quot;motion_fx_translateX_affectedRange&quot;:{&quot;unit&quot;:&quot;%&quot;,&quot;size&quot;:&quot;&quot;,&quot;sizes&quot;:{&quot;start&quot;:0,&quot;end&quot;:100}},&quot;motion_fx_devices&quot;:[&quot;desktop&quot;,&quot;tablet&quot;,&quot;mobile&quot;]}\" data-widget_type=\"divider.default\">\n\t\t\t\t<div class=\"elementor-widget-container\">\n\t\t\t\t\t\t\t<div class=\"elementor-divider\" style=\"--divider-pattern-url: url(&quot;data:image\/svg+xml,%3Csvg xmlns=&#039;http:\/\/www.w3.org\/2000\/svg&#039; preserveAspectRatio=&#039;none&#039; overflow=&#039;visible&#039; height=&#039;100%&#039; viewBox=&#039;0 0 24 24&#039; fill=&#039;none&#039; stroke=&#039;black&#039; stroke-width=&#039;2.5&#039; stroke-linecap=&#039;square&#039; stroke-miterlimit=&#039;10&#039;%3E%3Cpath d=&#039;M0,6c6,0,6,13,12,13S18,6,24,6&#039;\/%3E%3C\/svg%3E&quot;);\">\n\t\t\t<span class=\"elementor-divider-separator\">\n\t\t\t\t\t\t<\/span>\n\t\t<\/div>\n\t\t\t\t\t\t<\/div>\n\t\t\t\t<\/div>\n\t\t\t\t<div class=\"elementor-element elementor-element-148fea86 elementor-widget elementor-widget-heading\" data-id=\"148fea86\" data-element_type=\"widget\" data-widget_type=\"heading.default\">\n\t\t\t\t<div class=\"elementor-widget-container\">\n\t\t\t\t\t<h2 class=\"elementor-heading-title elementor-size-default\">Para facilitar o nosso primeito contato:<\/h2>\t\t\t\t<\/div>\n\t\t\t\t<\/div>\n\t\t\t\t<div class=\"elementor-element elementor-element-4a85a710 elementor-widget elementor-widget-text-editor\" data-id=\"4a85a710\" data-element_type=\"widget\" data-widget_type=\"text-editor.default\">\n\t\t\t\t<div class=\"elementor-widget-container\">\n\t\t\t\t\t\t\t\t\t<p>Informe seus dados de contato, por favor. J\u00e1 coloque a sua principal preocupa\u00e7\u00e3o ou necessidade dentro da nossa \u00e1rea de atendimento. Muito obrigado!\u00a0<\/p>\t\t\t\t\t\t\t\t<\/div>\n\t\t\t\t<\/div>\n\t\t\t\t<div class=\"elementor-element elementor-element-e347c17 elementor-button-align-end elementor-widget elementor-widget-form\" data-id=\"e347c17\" data-element_type=\"widget\" data-settings=\"{&quot;button_width_tablet&quot;:&quot;100&quot;,&quot;step_next_label&quot;:&quot;Next&quot;,&quot;step_previous_label&quot;:&quot;Previous&quot;,&quot;button_width&quot;:&quot;100&quot;,&quot;step_type&quot;:&quot;number_text&quot;,&quot;step_icon_shape&quot;:&quot;circle&quot;}\" data-widget_type=\"form.default\">\n\t\t\t\t<div class=\"elementor-widget-container\">\n\t\t\t\t\t\t\t<form class=\"elementor-form\" method=\"post\" name=\"New Form\" novalidate=\"\">\n\t\t\t<input type=\"hidden\" name=\"post_id\" value=\"161\"\/>\n\t\t\t<input type=\"hidden\" name=\"form_id\" value=\"e347c17\"\/>\n\t\t\t<input type=\"hidden\" name=\"referer_title\" value=\"Contato - Acquiphera - Solu\u00e7\u00f5es Ambientais\" \/>\n\n\t\t\t\t\t\t\t<input type=\"hidden\" name=\"queried_id\" value=\"161\"\/>\n\t\t\t\n\t\t\t<div class=\"elementor-form-fields-wrapper elementor-labels-\">\n\t\t\t\t\t\t\t\t<div class=\"elementor-field-type-text elementor-field-group elementor-column elementor-field-group-name elementor-col-50 elementor-md-50\">\n\t\t\t\t\t\t\t\t\t\t\t\t<label for=\"form-field-name\" class=\"elementor-field-label elementor-screen-only\">\n\t\t\t\t\t\t\t\tFirst Name\t\t\t\t\t\t\t<\/label>\n\t\t\t\t\t\t\t\t\t\t\t\t\t\t<input size=\"1\" type=\"text\" name=\"form_fields[name]\" id=\"form-field-name\" class=\"elementor-field elementor-size-sm  elementor-field-textual\" placeholder=\"Nome:\">\n\t\t\t\t\t\t\t\t\t\t\t<\/div>\n\t\t\t\t\t\t\t\t<div class=\"elementor-field-type-text elementor-field-group elementor-column elementor-field-group-field_3 elementor-col-50 elementor-md-50\">\n\t\t\t\t\t\t\t\t\t\t\t\t<label for=\"form-field-field_3\" class=\"elementor-field-label elementor-screen-only\">\n\t\t\t\t\t\t\t\tLast Name\t\t\t\t\t\t\t<\/label>\n\t\t\t\t\t\t\t\t\t\t\t\t\t\t<input size=\"1\" type=\"text\" name=\"form_fields[field_3]\" id=\"form-field-field_3\" class=\"elementor-field elementor-size-sm  elementor-field-textual\" placeholder=\"Sobrenome:\">\n\t\t\t\t\t\t\t\t\t\t\t<\/div>\n\t\t\t\t\t\t\t\t<div class=\"elementor-field-type-email elementor-field-group elementor-column elementor-field-group-field_2 elementor-col-50 elementor-md-50\">\n\t\t\t\t\t\t\t\t\t\t\t\t<label for=\"form-field-field_2\" class=\"elementor-field-label elementor-screen-only\">\n\t\t\t\t\t\t\t\tYour Email\t\t\t\t\t\t\t<\/label>\n\t\t\t\t\t\t\t\t\t\t\t\t\t\t<input size=\"1\" type=\"email\" name=\"form_fields[field_2]\" id=\"form-field-field_2\" class=\"elementor-field elementor-size-sm  elementor-field-textual\" placeholder=\"Seu Email\">\n\t\t\t\t\t\t\t\t\t\t\t<\/div>\n\t\t\t\t\t\t\t\t<div class=\"elementor-field-type-tel elementor-field-group elementor-column elementor-field-group-field_1 elementor-col-50 elementor-md-50\">\n\t\t\t\t\t\t\t\t\t\t\t\t<label for=\"form-field-field_1\" class=\"elementor-field-label elementor-screen-only\">\n\t\t\t\t\t\t\t\tPhone Number\t\t\t\t\t\t\t<\/label>\n\t\t\t\t\t\t\t\t<input size=\"1\" type=\"tel\" name=\"form_fields[field_1]\" id=\"form-field-field_1\" class=\"elementor-field elementor-size-sm  elementor-field-textual\" placeholder=\"Seu celular ou fixo:\" pattern=\"[0-9()#&amp;+*-=.]+\" title=\"Only numbers and phone characters (#, -, *, etc) are accepted.\">\n\n\t\t\t\t\t\t<\/div>\n\t\t\t\t\t\t\t\t<div class=\"elementor-field-type-textarea elementor-field-group elementor-column elementor-field-group-field_4 elementor-col-100 elementor-md-100\">\n\t\t\t\t\t\t\t\t\t\t\t\t<label for=\"form-field-field_4\" class=\"elementor-field-label elementor-screen-only\">\n\t\t\t\t\t\t\t\tYour Message\t\t\t\t\t\t\t<\/label>\n\t\t\t\t\t\t<textarea class=\"elementor-field-textual elementor-field  elementor-size-sm\" name=\"form_fields[field_4]\" id=\"form-field-field_4\" rows=\"4\" placeholder=\"Sua mensagem, mencione sua cidade, Estado, pa\u00eds e sua principal d\u00favida ou necessidade.  \"><\/textarea>\t\t\t\t<\/div>\n\t\t\t\t\t\t\t\t<div class=\"elementor-field-group elementor-column elementor-field-type-submit elementor-col-100 e-form__buttons elementor-md-100\">\n\t\t\t\t\t<button class=\"elementor-button elementor-size-sm elementor-animation-grow\" type=\"submit\">\n\t\t\t\t\t\t<span class=\"elementor-button-content-wrapper\">\n\t\t\t\t\t\t\t\t\t\t\t\t\t\t\t<span class=\"elementor-button-icon\">\n\t\t\t\t\t\t\t\t\t<svg aria-hidden=\"true\" class=\"e-font-icon-svg e-fas-caret-right\" viewBox=\"0 0 192 512\" xmlns=\"http:\/\/www.w3.org\/2000\/svg\"><path d=\"M0 384.662V127.338c0-17.818 21.543-26.741 34.142-14.142l128.662 128.662c7.81 7.81 7.81 20.474 0 28.284L34.142 398.804C21.543 411.404 0 402.48 0 384.662z\"><\/path><\/svg>\t\t\t\t\t\t\t\t\t\t\t\t\t\t\t\t\t<\/span>\n\t\t\t\t\t\t\t\t\t\t\t\t\t\t\t\t\t\t\t\t\t\t<span class=\"elementor-button-text\">Enviar<\/span>\n\t\t\t\t\t\t\t\t\t\t\t\t\t<\/span>\n\t\t\t\t\t<\/button>\n\t\t\t\t<\/div>\n\t\t\t<\/div>\n\t\t<\/form>\n\t\t\t\t\t\t<\/div>\n\t\t\t\t<\/div>\n\t\t\t\t\t<\/div>\n\t\t<\/div>\n\t\t\t\t\t<\/div>\n\t\t<\/section>\n\t\t\t\t<\/div>\n\t\t","protected":false},"excerpt":{"rendered":"<p>Fique a vontade para perguntar sobre nossos temas Fale com a Gente Sempre dispon\u00edveis para esclarecer d\u00favidas, dar suporte ao seu contrato e para palestras em empresas, ind\u00fastrias, escolas e prefeituras. Tratamento de \u00e1gua. Solu\u00e7\u00e3o! Sa\u00fade! Vida. Para facilitar o nosso primeito contato: Informe seus dados de contato, por favor. J\u00e1 coloque a sua principal [&hellip;]<\/p>\n","protected":false},"author":1,"featured_media":166,"parent":0,"menu_order":0,"comment_status":"closed","ping_status":"closed","template":"elementor_header_footer","meta":{"_joinchat":[],"footnotes":""},"class_list":["post-161","page","type-page","status-publish","has-post-thumbnail","hentry"],"yoast_head":"<!-- This site is optimized with the Yoast SEO plugin v24.1 - https:\/\/yoast.com\/wordpress\/plugins\/seo\/ -->\n<title>Contato - Acquiphera - Solu\u00e7\u00f5es Ambientais<\/title>\n<meta name=\"robots\" content=\"index, follow, max-snippet:-1, max-image-preview:large, max-video-preview:-1\" \/>\n<link rel=\"canonical\" href=\"http:\/\/acquiphera.com.br\/index.php\/contato\/\" \/>\n<meta property=\"og:locale\" content=\"en_US\" \/>\n<meta property=\"og:type\" content=\"article\" \/>\n<meta property=\"og:title\" content=\"Contato - Acquiphera - Solu\u00e7\u00f5es Ambientais\" \/>\n<meta property=\"og:description\" content=\"Fique a vontade para perguntar sobre nossos temas Fale com a Gente Sempre dispon\u00edveis para esclarecer d\u00favidas, dar suporte ao seu contrato e para palestras em empresas, ind\u00fastrias, escolas e prefeituras. Tratamento de \u00e1gua. Solu\u00e7\u00e3o! Sa\u00fade! Vida. Para facilitar o nosso primeito contato: Informe seus dados de contato, por favor. J\u00e1 coloque a sua principal [&hellip;]\" \/>\n<meta property=\"og:url\" content=\"http:\/\/acquiphera.com.br\/index.php\/contato\/\" \/>\n<meta property=\"og:site_name\" content=\"Acquiphera - Solu\u00e7\u00f5es Ambientais\" \/>\n<meta property=\"article:modified_time\" content=\"2025-04-25T21:25:31+00:00\" \/>\n<meta property=\"og:image\" content=\"http:\/\/acquiphera.com.br\/wp-content\/uploads\/2025\/01\/Contact-Us.jpg\" \/>\n\t<meta property=\"og:image:width\" content=\"400\" \/>\n\t<meta property=\"og:image:height\" content=\"380\" \/>\n\t<meta property=\"og:image:type\" content=\"image\/jpeg\" \/>\n<meta name=\"twitter:card\" content=\"summary_large_image\" \/>\n<meta name=\"twitter:label1\" content=\"Est. reading time\" \/>\n\t<meta name=\"twitter:data1\" content=\"1 minute\" \/>\n<script type=\"application\/ld+json\" class=\"yoast-schema-graph\">{\"@context\":\"https:\/\/schema.org\",\"@graph\":[{\"@type\":\"WebPage\",\"@id\":\"http:\/\/acquiphera.com.br\/index.php\/contato\/\",\"url\":\"http:\/\/acquiphera.com.br\/index.php\/contato\/\",\"name\":\"Contato - Acquiphera - Solu\u00e7\u00f5es Ambientais\",\"isPartOf\":{\"@id\":\"http:\/\/acquiphera.com.br\/#website\"},\"primaryImageOfPage\":{\"@id\":\"http:\/\/acquiphera.com.br\/index.php\/contato\/#primaryimage\"},\"image\":{\"@id\":\"http:\/\/acquiphera.com.br\/index.php\/contato\/#primaryimage\"},\"thumbnailUrl\":\"https:\/\/acquiphera.com.br\/wp-content\/uploads\/2025\/01\/Contact-Us.jpg\",\"datePublished\":\"2025-01-28T14:07:15+00:00\",\"dateModified\":\"2025-04-25T21:25:31+00:00\",\"breadcrumb\":{\"@id\":\"http:\/\/acquiphera.com.br\/index.php\/contato\/#breadcrumb\"},\"inLanguage\":\"en-US\",\"potentialAction\":[{\"@type\":\"ReadAction\",\"target\":[\"http:\/\/acquiphera.com.br\/index.php\/contato\/\"]}]},{\"@type\":\"ImageObject\",\"inLanguage\":\"en-US\",\"@id\":\"http:\/\/acquiphera.com.br\/index.php\/contato\/#primaryimage\",\"url\":\"https:\/\/acquiphera.com.br\/wp-content\/uploads\/2025\/01\/Contact-Us.jpg\",\"contentUrl\":\"https:\/\/acquiphera.com.br\/wp-content\/uploads\/2025\/01\/Contact-Us.jpg\",\"width\":400,\"height\":380},{\"@type\":\"BreadcrumbList\",\"@id\":\"http:\/\/acquiphera.com.br\/index.php\/contato\/#breadcrumb\",\"itemListElement\":[{\"@type\":\"ListItem\",\"position\":1,\"name\":\"Home\",\"item\":\"https:\/\/acquiphera.com.br\/\"},{\"@type\":\"ListItem\",\"position\":2,\"name\":\"Contato\"}]},{\"@type\":\"WebSite\",\"@id\":\"http:\/\/acquiphera.com.br\/#website\",\"url\":\"http:\/\/acquiphera.com.br\/\",\"name\":\"Acquiphera - Solu\u00e7\u00f5es Ambientais\",\"description\":\"Solu\u00e7\u00f5es Ambienteis em tratamento de \u00e1gua\",\"publisher\":{\"@id\":\"http:\/\/acquiphera.com.br\/#organization\"},\"potentialAction\":[{\"@type\":\"SearchAction\",\"target\":{\"@type\":\"EntryPoint\",\"urlTemplate\":\"http:\/\/acquiphera.com.br\/?s={search_term_string}\"},\"query-input\":{\"@type\":\"PropertyValueSpecification\",\"valueRequired\":true,\"valueName\":\"search_term_string\"}}],\"inLanguage\":\"en-US\"},{\"@type\":\"Organization\",\"@id\":\"http:\/\/acquiphera.com.br\/#organization\",\"name\":\"Acquiphera - Solu\u00e7\u00f5es Ambientais\",\"url\":\"http:\/\/acquiphera.com.br\/\",\"logo\":{\"@type\":\"ImageObject\",\"inLanguage\":\"en-US\",\"@id\":\"http:\/\/acquiphera.com.br\/#\/schema\/logo\/image\/\",\"url\":\"https:\/\/acquiphera.com.br\/wp-content\/uploads\/2025\/01\/cropped-EstudoLogoAcqui2.png\",\"contentUrl\":\"https:\/\/acquiphera.com.br\/wp-content\/uploads\/2025\/01\/cropped-EstudoLogoAcqui2.png\",\"width\":470,\"height\":135,\"caption\":\"Acquiphera - Solu\u00e7\u00f5es Ambientais\"},\"image\":{\"@id\":\"http:\/\/acquiphera.com.br\/#\/schema\/logo\/image\/\"}}]}<\/script>\n<!-- \/ Yoast SEO plugin. -->","yoast_head_json":{"title":"Contato - Acquiphera - Solu\u00e7\u00f5es Ambientais","robots":{"index":"index","follow":"follow","max-snippet":"max-snippet:-1","max-image-preview":"max-image-preview:large","max-video-preview":"max-video-preview:-1"},"canonical":"http:\/\/acquiphera.com.br\/index.php\/contato\/","og_locale":"en_US","og_type":"article","og_title":"Contato - Acquiphera - Solu\u00e7\u00f5es Ambientais","og_description":"Fique a vontade para perguntar sobre nossos temas Fale com a Gente Sempre dispon\u00edveis para esclarecer d\u00favidas, dar suporte ao seu contrato e para palestras em empresas, ind\u00fastrias, escolas e prefeituras. Tratamento de \u00e1gua. Solu\u00e7\u00e3o! Sa\u00fade! Vida. Para facilitar o nosso primeito contato: Informe seus dados de contato, por favor. J\u00e1 coloque a sua principal [&hellip;]","og_url":"http:\/\/acquiphera.com.br\/index.php\/contato\/","og_site_name":"Acquiphera - Solu\u00e7\u00f5es Ambientais","article_modified_time":"2025-04-25T21:25:31+00:00","og_image":[{"width":400,"height":380,"url":"http:\/\/acquiphera.com.br\/wp-content\/uploads\/2025\/01\/Contact-Us.jpg","type":"image\/jpeg"}],"twitter_card":"summary_large_image","twitter_misc":{"Est. reading time":"1 minute"},"schema":{"@context":"https:\/\/schema.org","@graph":[{"@type":"WebPage","@id":"http:\/\/acquiphera.com.br\/index.php\/contato\/","url":"http:\/\/acquiphera.com.br\/index.php\/contato\/","name":"Contato - Acquiphera - Solu\u00e7\u00f5es Ambientais","isPartOf":{"@id":"http:\/\/acquiphera.com.br\/#website"},"primaryImageOfPage":{"@id":"http:\/\/acquiphera.com.br\/index.php\/contato\/#primaryimage"},"image":{"@id":"http:\/\/acquiphera.com.br\/index.php\/contato\/#primaryimage"},"thumbnailUrl":"https:\/\/acquiphera.com.br\/wp-content\/uploads\/2025\/01\/Contact-Us.jpg","datePublished":"2025-01-28T14:07:15+00:00","dateModified":"2025-04-25T21:25:31+00:00","breadcrumb":{"@id":"http:\/\/acquiphera.com.br\/index.php\/contato\/#breadcrumb"},"inLanguage":"en-US","potentialAction":[{"@type":"ReadAction","target":["http:\/\/acquiphera.com.br\/index.php\/contato\/"]}]},{"@type":"ImageObject","inLanguage":"en-US","@id":"http:\/\/acquiphera.com.br\/index.php\/contato\/#primaryimage","url":"https:\/\/acquiphera.com.br\/wp-content\/uploads\/2025\/01\/Contact-Us.jpg","contentUrl":"https:\/\/acquiphera.com.br\/wp-content\/uploads\/2025\/01\/Contact-Us.jpg","width":400,"height":380},{"@type":"BreadcrumbList","@id":"http:\/\/acquiphera.com.br\/index.php\/contato\/#breadcrumb","itemListElement":[{"@type":"ListItem","position":1,"name":"Home","item":"https:\/\/acquiphera.com.br\/"},{"@type":"ListItem","position":2,"name":"Contato"}]},{"@type":"WebSite","@id":"http:\/\/acquiphera.com.br\/#website","url":"http:\/\/acquiphera.com.br\/","name":"Acquiphera - Solu\u00e7\u00f5es Ambientais","description":"Solu\u00e7\u00f5es Ambienteis em tratamento de \u00e1gua","publisher":{"@id":"http:\/\/acquiphera.com.br\/#organization"},"potentialAction":[{"@type":"SearchAction","target":{"@type":"EntryPoint","urlTemplate":"http:\/\/acquiphera.com.br\/?s={search_term_string}"},"query-input":{"@type":"PropertyValueSpecification","valueRequired":true,"valueName":"search_term_string"}}],"inLanguage":"en-US"},{"@type":"Organization","@id":"http:\/\/acquiphera.com.br\/#organization","name":"Acquiphera - Solu\u00e7\u00f5es Ambientais","url":"http:\/\/acquiphera.com.br\/","logo":{"@type":"ImageObject","inLanguage":"en-US","@id":"http:\/\/acquiphera.com.br\/#\/schema\/logo\/image\/","url":"https:\/\/acquiphera.com.br\/wp-content\/uploads\/2025\/01\/cropped-EstudoLogoAcqui2.png","contentUrl":"https:\/\/acquiphera.com.br\/wp-content\/uploads\/2025\/01\/cropped-EstudoLogoAcqui2.png","width":470,"height":135,"caption":"Acquiphera - Solu\u00e7\u00f5es Ambientais"},"image":{"@id":"http:\/\/acquiphera.com.br\/#\/schema\/logo\/image\/"}}]}},"_links":{"self":[{"href":"https:\/\/acquiphera.com.br\/index.php\/wp-json\/wp\/v2\/pages\/161","targetHints":{"allow":["GET"]}}],"collection":[{"href":"https:\/\/acquiphera.com.br\/index.php\/wp-json\/wp\/v2\/pages"}],"about":[{"href":"https:\/\/acquiphera.com.br\/index.php\/wp-json\/wp\/v2\/types\/page"}],"author":[{"embeddable":true,"href":"https:\/\/acquiphera.com.br\/index.php\/wp-json\/wp\/v2\/users\/1"}],"replies":[{"embeddable":true,"href":"https:\/\/acquiphera.com.br\/index.php\/wp-json\/wp\/v2\/comments?post=161"}],"version-history":[{"count":14,"href":"https:\/\/acquiphera.com.br\/index.php\/wp-json\/wp\/v2\/pages\/161\/revisions"}],"predecessor-version":[{"id":861,"href":"https:\/\/acquiphera.com.br\/index.php\/wp-json\/wp\/v2\/pages\/161\/revisions\/861"}],"wp:featuredmedia":[{"embeddable":true,"href":"https:\/\/acquiphera.com.br\/index.php\/wp-json\/wp\/v2\/media\/166"}],"wp:attachment":[{"href":"https:\/\/acquiphera.com.br\/index.php\/wp-json\/wp\/v2\/media?parent=161"}],"curies":[{"name":"wp","href":"https:\/\/api.w.org\/{rel}","templated":true}]}}