{"id":428,"date":"2025-02-21T12:17:37","date_gmt":"2025-02-21T15:17:37","guid":{"rendered":"https:\/\/acquiphera.com.br\/?page_id=428"},"modified":"2025-04-16T10:13:16","modified_gmt":"2025-04-16T13:13:16","slug":"acidos-redutores-ph","status":"publish","type":"page","link":"https:\/\/acquiphera.com.br\/index.php\/acidos-redutores-ph\/","title":{"rendered":"\u00c1cidos\/Ajustes pH"},"content":{"rendered":"\t\t<div data-elementor-type=\"wp-page\" data-elementor-id=\"428\" class=\"elementor elementor-428\" data-elementor-post-type=\"page\">\n\t\t\t\t<div class=\"elementor-element elementor-element-05d945a e-flex e-con-boxed e-con e-parent\" data-id=\"05d945a\" data-element_type=\"container\">\n\t\t\t\t\t<div class=\"e-con-inner\">\n\t\t\t\t<div class=\"elementor-element elementor-element-33ce205 elementor-widget elementor-widget-image\" data-id=\"33ce205\" data-element_type=\"widget\" data-widget_type=\"image.default\">\n\t\t\t\t<div class=\"elementor-widget-container\">\n\t\t\t\t\t\t\t\t\t\t\t\t\t\t\t<img fetchpriority=\"high\" decoding=\"async\" width=\"800\" height=\"442\" src=\"http:\/\/acquiphera.com.br\/wp-content\/uploads\/2025\/02\/chemicals.jpeg\" class=\"attachment-large size-large wp-image-409\" alt=\"\" srcset=\"http:\/\/acquiphera.com.br\/wp-content\/uploads\/2025\/02\/chemicals.jpeg 991w, http:\/\/acquiphera.com.br\/wp-content\/uploads\/2025\/02\/chemicals-300x166.jpeg 300w, http:\/\/acquiphera.com.br\/wp-content\/uploads\/2025\/02\/chemicals-768x425.jpeg 768w\" sizes=\"(max-width: 800px) 100vw, 800px\" \/>\t\t\t\t\t\t\t\t\t\t\t\t\t\t\t<\/div>\n\t\t\t\t<\/div>\n\t\t\t\t\t<\/div>\n\t\t\t\t<\/div>\n\t\t<div class=\"elementor-element elementor-element-3937dce e-flex e-con-boxed e-con e-parent\" data-id=\"3937dce\" data-element_type=\"container\">\n\t\t\t\t\t<div class=\"e-con-inner\">\n\t\t<div class=\"elementor-element elementor-element-105826e e-con-full e-flex e-con e-child\" data-id=\"105826e\" data-element_type=\"container\">\n\t\t<div class=\"elementor-element elementor-element-ad11790 e-con-full e-flex e-con e-child\" data-id=\"ad11790\" data-element_type=\"container\">\n\t\t\t\t<div class=\"elementor-element elementor-element-32e43d4 elementor-widget__width-initial elementor-icon-list--layout-traditional elementor-list-item-link-full_width elementor-widget elementor-widget-icon-list\" data-id=\"32e43d4\" data-element_type=\"widget\" data-widget_type=\"icon-list.default\">\n\t\t\t\t<div class=\"elementor-widget-container\">\n\t\t\t\t\t\t\t<ul class=\"elementor-icon-list-items\">\n\t\t\t\t\t\t\t<li class=\"elementor-icon-list-item\">\n\t\t\t\t\t\t\t\t\t\t\t<a href=\"https:\/\/acquiphera.com.br\/index.php\/coagulantes\/\">\n\n\t\t\t\t\t\t\t\t\t\t\t\t<span class=\"elementor-icon-list-icon\">\n\t\t\t\t\t\t\t<svg aria-hidden=\"true\" class=\"e-font-icon-svg e-fas-check-circle\" viewBox=\"0 0 512 512\" xmlns=\"http:\/\/www.w3.org\/2000\/svg\"><path d=\"M504 256c0 136.967-111.033 248-248 248S8 392.967 8 256 119.033 8 256 8s248 111.033 248 248zM227.314 387.314l184-184c6.248-6.248 6.248-16.379 0-22.627l-22.627-22.627c-6.248-6.249-16.379-6.249-22.628 0L216 308.118l-70.059-70.059c-6.248-6.248-16.379-6.248-22.628 0l-22.627 22.627c-6.248 6.248-6.248 16.379 0 22.627l104 104c6.249 6.249 16.379 6.249 22.628.001z\"><\/path><\/svg>\t\t\t\t\t\t<\/span>\n\t\t\t\t\t\t\t\t\t\t<span class=\"elementor-icon-list-text\">Coagulantes <\/span>\n\t\t\t\t\t\t\t\t\t\t\t<\/a>\n\t\t\t\t\t\t\t\t\t<\/li>\n\t\t\t\t\t\t\t\t<li class=\"elementor-icon-list-item\">\n\t\t\t\t\t\t\t\t\t\t\t<a href=\"https:\/\/acquiphera.com.br\/index.php\/floculantes\/\">\n\n\t\t\t\t\t\t\t\t\t\t\t\t<span class=\"elementor-icon-list-icon\">\n\t\t\t\t\t\t\t<svg aria-hidden=\"true\" class=\"e-font-icon-svg e-fas-check-circle\" viewBox=\"0 0 512 512\" xmlns=\"http:\/\/www.w3.org\/2000\/svg\"><path d=\"M504 256c0 136.967-111.033 248-248 248S8 392.967 8 256 119.033 8 256 8s248 111.033 248 248zM227.314 387.314l184-184c6.248-6.248 6.248-16.379 0-22.627l-22.627-22.627c-6.248-6.249-16.379-6.249-22.628 0L216 308.118l-70.059-70.059c-6.248-6.248-16.379-6.248-22.628 0l-22.627 22.627c-6.248 6.248-6.248 16.379 0 22.627l104 104c6.249 6.249 16.379 6.249 22.628.001z\"><\/path><\/svg>\t\t\t\t\t\t<\/span>\n\t\t\t\t\t\t\t\t\t\t<span class=\"elementor-icon-list-text\">Floculantes<\/span>\n\t\t\t\t\t\t\t\t\t\t\t<\/a>\n\t\t\t\t\t\t\t\t\t<\/li>\n\t\t\t\t\t\t\t\t<li class=\"elementor-icon-list-item\">\n\t\t\t\t\t\t\t\t\t\t\t<a href=\"https:\/\/acquiphera.com.br\/index.php\/fluoretacao\/\">\n\n\t\t\t\t\t\t\t\t\t\t\t\t<span class=\"elementor-icon-list-icon\">\n\t\t\t\t\t\t\t<svg aria-hidden=\"true\" class=\"e-font-icon-svg e-fas-check-circle\" viewBox=\"0 0 512 512\" xmlns=\"http:\/\/www.w3.org\/2000\/svg\"><path d=\"M504 256c0 136.967-111.033 248-248 248S8 392.967 8 256 119.033 8 256 8s248 111.033 248 248zM227.314 387.314l184-184c6.248-6.248 6.248-16.379 0-22.627l-22.627-22.627c-6.248-6.249-16.379-6.249-22.628 0L216 308.118l-70.059-70.059c-6.248-6.248-16.379-6.248-22.628 0l-22.627 22.627c-6.248 6.248-6.248 16.379 0 22.627l104 104c6.249 6.249 16.379 6.249 22.628.001z\"><\/path><\/svg>\t\t\t\t\t\t<\/span>\n\t\t\t\t\t\t\t\t\t\t<span class=\"elementor-icon-list-text\">Fluoreta\u00e7\u00e3o<\/span>\n\t\t\t\t\t\t\t\t\t\t\t<\/a>\n\t\t\t\t\t\t\t\t\t<\/li>\n\t\t\t\t\t\t\t\t<li class=\"elementor-icon-list-item\">\n\t\t\t\t\t\t\t\t\t\t\t<a href=\"https:\/\/acquiphera.com.br\/index.php\/acidos-redutores-ph\/\">\n\n\t\t\t\t\t\t\t\t\t\t\t\t<span class=\"elementor-icon-list-icon\">\n\t\t\t\t\t\t\t<svg aria-hidden=\"true\" class=\"e-font-icon-svg e-fas-check-circle\" viewBox=\"0 0 512 512\" xmlns=\"http:\/\/www.w3.org\/2000\/svg\"><path d=\"M504 256c0 136.967-111.033 248-248 248S8 392.967 8 256 119.033 8 256 8s248 111.033 248 248zM227.314 387.314l184-184c6.248-6.248 6.248-16.379 0-22.627l-22.627-22.627c-6.248-6.249-16.379-6.249-22.628 0L216 308.118l-70.059-70.059c-6.248-6.248-16.379-6.248-22.628 0l-22.627 22.627c-6.248 6.248-6.248 16.379 0 22.627l104 104c6.249 6.249 16.379 6.249 22.628.001z\"><\/path><\/svg>\t\t\t\t\t\t<\/span>\n\t\t\t\t\t\t\t\t\t\t<span class=\"elementor-icon-list-text\">\u00c1cidos \/ Ajustes pH<\/span>\n\t\t\t\t\t\t\t\t\t\t\t<\/a>\n\t\t\t\t\t\t\t\t\t<\/li>\n\t\t\t\t\t\t\t\t<li class=\"elementor-icon-list-item\">\n\t\t\t\t\t\t\t\t\t\t\t<a href=\"https:\/\/acquiphera.com.br\/index.php\/bases-elevadores-ph\/\">\n\n\t\t\t\t\t\t\t\t\t\t\t\t<span class=\"elementor-icon-list-icon\">\n\t\t\t\t\t\t\t<svg aria-hidden=\"true\" class=\"e-font-icon-svg e-fas-check-circle\" viewBox=\"0 0 512 512\" xmlns=\"http:\/\/www.w3.org\/2000\/svg\"><path d=\"M504 256c0 136.967-111.033 248-248 248S8 392.967 8 256 119.033 8 256 8s248 111.033 248 248zM227.314 387.314l184-184c6.248-6.248 6.248-16.379 0-22.627l-22.627-22.627c-6.248-6.249-16.379-6.249-22.628 0L216 308.118l-70.059-70.059c-6.248-6.248-16.379-6.248-22.628 0l-22.627 22.627c-6.248 6.248-6.248 16.379 0 22.627l104 104c6.249 6.249 16.379 6.249 22.628.001z\"><\/path><\/svg>\t\t\t\t\t\t<\/span>\n\t\t\t\t\t\t\t\t\t\t<span class=\"elementor-icon-list-text\">Bases \/ Ajustes pH<\/span>\n\t\t\t\t\t\t\t\t\t\t\t<\/a>\n\t\t\t\t\t\t\t\t\t<\/li>\n\t\t\t\t\t\t\t\t<li class=\"elementor-icon-list-item\">\n\t\t\t\t\t\t\t\t\t\t\t<a href=\"https:\/\/acquiphera.com.br\/index.php\/oxidacao-desinfeccao\/\">\n\n\t\t\t\t\t\t\t\t\t\t\t\t<span class=\"elementor-icon-list-icon\">\n\t\t\t\t\t\t\t<svg aria-hidden=\"true\" class=\"e-font-icon-svg e-fas-check-circle\" viewBox=\"0 0 512 512\" xmlns=\"http:\/\/www.w3.org\/2000\/svg\"><path d=\"M504 256c0 136.967-111.033 248-248 248S8 392.967 8 256 119.033 8 256 8s248 111.033 248 248zM227.314 387.314l184-184c6.248-6.248 6.248-16.379 0-22.627l-22.627-22.627c-6.248-6.249-16.379-6.249-22.628 0L216 308.118l-70.059-70.059c-6.248-6.248-16.379-6.248-22.628 0l-22.627 22.627c-6.248 6.248-6.248 16.379 0 22.627l104 104c6.249 6.249 16.379 6.249 22.628.001z\"><\/path><\/svg>\t\t\t\t\t\t<\/span>\n\t\t\t\t\t\t\t\t\t\t<span class=\"elementor-icon-list-text\">Oxida\u00e7\u00e3o e Desinfec\u00e7\u00e3o<\/span>\n\t\t\t\t\t\t\t\t\t\t\t<\/a>\n\t\t\t\t\t\t\t\t\t<\/li>\n\t\t\t\t\t\t\t\t<li class=\"elementor-icon-list-item\">\n\t\t\t\t\t\t\t\t\t\t\t<a href=\"https:\/\/acquiphera.com.br\/index.php\/controledeodores_outros\/\">\n\n\t\t\t\t\t\t\t\t\t\t\t\t<span class=\"elementor-icon-list-icon\">\n\t\t\t\t\t\t\t<svg aria-hidden=\"true\" class=\"e-font-icon-svg e-fas-check-circle\" viewBox=\"0 0 512 512\" xmlns=\"http:\/\/www.w3.org\/2000\/svg\"><path d=\"M504 256c0 136.967-111.033 248-248 248S8 392.967 8 256 119.033 8 256 8s248 111.033 248 248zM227.314 387.314l184-184c6.248-6.248 6.248-16.379 0-22.627l-22.627-22.627c-6.248-6.249-16.379-6.249-22.628 0L216 308.118l-70.059-70.059c-6.248-6.248-16.379-6.248-22.628 0l-22.627 22.627c-6.248 6.248-6.248 16.379 0 22.627l104 104c6.249 6.249 16.379 6.249 22.628.001z\"><\/path><\/svg>\t\t\t\t\t\t<\/span>\n\t\t\t\t\t\t\t\t\t\t<span class=\"elementor-icon-list-text\">Controle de Odores<\/span>\n\t\t\t\t\t\t\t\t\t\t\t<\/a>\n\t\t\t\t\t\t\t\t\t<\/li>\n\t\t\t\t\t\t<\/ul>\n\t\t\t\t\t\t<\/div>\n\t\t\t\t<\/div>\n\t\t\t\t<\/div>\n\t\t<div class=\"elementor-element elementor-element-7fd22db e-con-full e-flex e-con e-child\" data-id=\"7fd22db\" data-element_type=\"container\">\n\t\t\t\t<div class=\"elementor-element elementor-element-b0ec818 elementor-widget elementor-widget-text-editor\" data-id=\"b0ec818\" data-element_type=\"widget\" data-widget_type=\"text-editor.default\">\n\t\t\t\t<div class=\"elementor-widget-container\">\n\t\t\t\t\t\t\t\t\t<h5><b>\u00c1cidos<b><\/b><\/b><\/h5><p>\u00c1cidos s\u00e3o componentes essenciais em diversas etapas do tratamento de \u00e1gua e esgoto, sendo sua aplica\u00e7\u00e3o ajustada conforme a fase do processo e as caracter\u00edsticas da \u00e1gua. Al\u00e9m disso, s\u00e3o fundamentais na produ\u00e7\u00e3o de di\u00f3xido de cloro, principalmente atrav\u00e9s da rea\u00e7\u00e3o de clorito de s\u00f3dio com \u00e1cido clor\u00eddrico ou da rea\u00e7\u00e3o de clorato e per\u00f3xido de hidrog\u00eanio em solu\u00e7\u00e3o aquosa com \u00e1cido sulf\u00farico (como no processo Sany-Plus Pure da Sabar\u00e1).<\/p>\t\t\t\t\t\t\t\t<\/div>\n\t\t\t\t<\/div>\n\t\t\t\t<\/div>\n\t\t\t\t<\/div>\n\t\t\t\t\t<\/div>\n\t\t\t\t<\/div>\n\t\t<div class=\"elementor-element elementor-element-5c9762e e-flex e-con-boxed e-con e-parent\" data-id=\"5c9762e\" data-element_type=\"container\">\n\t\t\t\t\t<div class=\"e-con-inner\">\n\t\t<div class=\"elementor-element elementor-element-d7520df e-con-full e-flex e-con e-child\" data-id=\"d7520df\" data-element_type=\"container\">\n\t\t\t\t<div class=\"elementor-element elementor-element-9315b23 elementor-widget elementor-widget-image\" data-id=\"9315b23\" data-element_type=\"widget\" data-widget_type=\"image.default\">\n\t\t\t\t<div class=\"elementor-widget-container\">\n\t\t\t\t\t\t\t\t\t\t\t\t\t\t\t<img decoding=\"async\" width=\"470\" height=\"457\" src=\"http:\/\/acquiphera.com.br\/wp-content\/uploads\/2025\/01\/EstudoLogoAcqui2_recortefundo.png\" class=\"attachment-large size-large wp-image-303\" alt=\"\" srcset=\"http:\/\/acquiphera.com.br\/wp-content\/uploads\/2025\/01\/EstudoLogoAcqui2_recortefundo.png 470w, http:\/\/acquiphera.com.br\/wp-content\/uploads\/2025\/01\/EstudoLogoAcqui2_recortefundo-300x292.png 300w\" sizes=\"(max-width: 470px) 100vw, 470px\" \/>\t\t\t\t\t\t\t\t\t\t\t\t\t\t\t<\/div>\n\t\t\t\t<\/div>\n\t\t\t\t<\/div>\n\t\t<div class=\"elementor-element elementor-element-04ca3c8 e-con-full e-flex e-con e-child\" data-id=\"04ca3c8\" data-element_type=\"container\">\n\t\t\t\t<div class=\"elementor-element elementor-element-e57c2ce elementor-widget elementor-widget-text-editor\" data-id=\"e57c2ce\" data-element_type=\"widget\" data-widget_type=\"text-editor.default\">\n\t\t\t\t<div class=\"elementor-widget-container\">\n\t\t\t\t\t\t\t\t\t<div>\u00a0<\/div><h5><b>\u00c1cido Sulf\u00farico<\/b><\/h5><div>\u00a0<span style=\"color: var( --e-global-color-text ); font-family: var( --e-global-typography-text-font-family ), Sans-serif; font-size: var( --e-global-typography-text-font-size ); font-weight: var( --e-global-typography-text-font-weight ); text-align: var(--text-align); background-color: var( --e-global-color-ebbd70c );\">\u00a0<\/span><\/div><div>O \u00e1cido sulf\u00farico, classificado como um \u00e1cido forte e de alta corrosividade, \u00e9 empregado na corre\u00e7\u00e3o de pH. Contudo, sua aplica\u00e7\u00e3o demanda conhecimento t\u00e9cnico aprofundado e m\u00e1xima cautela, visto que, apesar de eficaz, o manuseio inadequado acarreta riscos significativos tanto para o meio ambiente quanto para a sa\u00fade humana.<\/div>\t\t\t\t\t\t\t\t<\/div>\n\t\t\t\t<\/div>\n\t\t\t\t<\/div>\n\t\t\t\t\t<\/div>\n\t\t\t\t<\/div>\n\t\t<div class=\"elementor-element elementor-element-af7c6cd e-flex e-con-boxed e-con e-parent\" data-id=\"af7c6cd\" data-element_type=\"container\">\n\t\t\t\t\t<div class=\"e-con-inner\">\n\t\t<div class=\"elementor-element elementor-element-1d8cc1c e-con-full e-flex e-con e-child\" data-id=\"1d8cc1c\" data-element_type=\"container\">\n\t\t\t\t<div class=\"elementor-element elementor-element-9961e25 elementor-widget elementor-widget-image\" data-id=\"9961e25\" data-element_type=\"widget\" data-widget_type=\"image.default\">\n\t\t\t\t<div class=\"elementor-widget-container\">\n\t\t\t\t\t\t\t\t\t\t\t\t\t\t\t<img decoding=\"async\" width=\"470\" height=\"457\" src=\"http:\/\/acquiphera.com.br\/wp-content\/uploads\/2025\/01\/EstudoLogoAcqui2_recortefundo.png\" class=\"attachment-large size-large wp-image-303\" alt=\"\" srcset=\"http:\/\/acquiphera.com.br\/wp-content\/uploads\/2025\/01\/EstudoLogoAcqui2_recortefundo.png 470w, http:\/\/acquiphera.com.br\/wp-content\/uploads\/2025\/01\/EstudoLogoAcqui2_recortefundo-300x292.png 300w\" sizes=\"(max-width: 470px) 100vw, 470px\" \/>\t\t\t\t\t\t\t\t\t\t\t\t\t\t\t<\/div>\n\t\t\t\t<\/div>\n\t\t\t\t<\/div>\n\t\t<div class=\"elementor-element elementor-element-fcffd6f e-con-full e-flex e-con e-child\" data-id=\"fcffd6f\" data-element_type=\"container\">\n\t\t\t\t<div class=\"elementor-element elementor-element-4296c84 elementor-widget elementor-widget-text-editor\" data-id=\"4296c84\" data-element_type=\"widget\" data-widget_type=\"text-editor.default\">\n\t\t\t\t<div class=\"elementor-widget-container\">\n\t\t\t\t\t\t\t\t\t<h5><b>\u00c1cido Clor\u00eddrico<\/b><\/h5><p>O \u00e1cido clor\u00eddrico \u00e9 um \u00e1cido forte frequentemente utilizado para reduzir o pH de solu\u00e7\u00f5es. Possui ampla aplica\u00e7\u00e3o em diversos setores, como tratamento de \u00e1gua, ind\u00fastria qu\u00edmica e no segmento de alimentos e bebidas.<\/p>\t\t\t\t\t\t\t\t<\/div>\n\t\t\t\t<\/div>\n\t\t\t\t<\/div>\n\t\t\t\t\t<\/div>\n\t\t\t\t<\/div>\n\t\t<div class=\"elementor-element elementor-element-a899e79 e-flex e-con-boxed e-con e-parent\" data-id=\"a899e79\" data-element_type=\"container\">\n\t\t\t\t\t<div class=\"e-con-inner\">\n\t\t<div class=\"elementor-element elementor-element-3c51716 e-con-full e-flex e-con e-child\" data-id=\"3c51716\" data-element_type=\"container\">\n\t\t\t\t<div class=\"elementor-element elementor-element-12b19b0 elementor-widget elementor-widget-image\" data-id=\"12b19b0\" data-element_type=\"widget\" data-widget_type=\"image.default\">\n\t\t\t\t<div class=\"elementor-widget-container\">\n\t\t\t\t\t\t\t\t\t\t\t\t\t\t\t<img decoding=\"async\" width=\"470\" height=\"457\" src=\"http:\/\/acquiphera.com.br\/wp-content\/uploads\/2025\/01\/EstudoLogoAcqui2_recortefundo.png\" class=\"attachment-large size-large wp-image-303\" alt=\"\" srcset=\"http:\/\/acquiphera.com.br\/wp-content\/uploads\/2025\/01\/EstudoLogoAcqui2_recortefundo.png 470w, http:\/\/acquiphera.com.br\/wp-content\/uploads\/2025\/01\/EstudoLogoAcqui2_recortefundo-300x292.png 300w\" sizes=\"(max-width: 470px) 100vw, 470px\" \/>\t\t\t\t\t\t\t\t\t\t\t\t\t\t\t<\/div>\n\t\t\t\t<\/div>\n\t\t\t\t<\/div>\n\t\t<div class=\"elementor-element elementor-element-3e19d82 e-con-full e-flex e-con e-child\" data-id=\"3e19d82\" data-element_type=\"container\">\n\t\t\t\t<div class=\"elementor-element elementor-element-916cd17 elementor-widget elementor-widget-text-editor\" data-id=\"916cd17\" data-element_type=\"widget\" data-widget_type=\"text-editor.default\">\n\t\t\t\t<div class=\"elementor-widget-container\">\n\t\t\t\t\t\t\t\t\t<h5><b>\u00c1cido C\u00edtrico<\/b><\/h5>\n<p>Presente em frutas c\u00edtricas (lim\u00f5es, laranjas), o \u00e1cido c\u00edtrico \u00e9 um composto org\u00e2nico vers\u00e1til na ind\u00fastria. Sua principal fun\u00e7\u00e3o em limpeza \u00e9 a quela\u00e7\u00e3o: ele se liga fortemente a \u00edons met\u00e1licos como c\u00e1lcio e magn\u00e9sio, formando complexos est\u00e1veis e dissolvendo incrusta\u00e7\u00f5es. Essa a\u00e7\u00e3o desincrustante faz do \u00e1cido c\u00edtrico uma \u00f3tima alternativa para a limpeza e recupera\u00e7\u00e3o de materiais, sendo especialmente \u00fatil para membranas de ultrafiltra\u00e7\u00e3o.<\/p>\t\t\t\t\t\t\t\t<\/div>\n\t\t\t\t<\/div>\n\t\t\t\t<\/div>\n\t\t\t\t\t<\/div>\n\t\t\t\t<\/div>\n\t\t\t\t<\/div>\n\t\t","protected":false},"excerpt":{"rendered":"<p>Coagulantes Floculantes Fluoreta\u00e7\u00e3o \u00c1cidos \/ Ajustes pH Bases \/ Ajustes pH Oxida\u00e7\u00e3o e Desinfec\u00e7\u00e3o Controle de Odores \u00c1cidos \u00c1cidos s\u00e3o componentes essenciais em diversas etapas do tratamento de \u00e1gua e esgoto, sendo sua aplica\u00e7\u00e3o ajustada conforme a fase do processo e as caracter\u00edsticas da \u00e1gua. Al\u00e9m disso, s\u00e3o fundamentais na produ\u00e7\u00e3o de di\u00f3xido de cloro, [&hellip;]<\/p>\n","protected":false},"author":1,"featured_media":0,"parent":0,"menu_order":0,"comment_status":"closed","ping_status":"closed","template":"","meta":{"_joinchat":[],"footnotes":""},"class_list":["post-428","page","type-page","status-publish","hentry"],"yoast_head":"<!-- This site is optimized with the Yoast SEO plugin v24.1 - https:\/\/yoast.com\/wordpress\/plugins\/seo\/ -->\n<title>\u00c1cidos\/Ajustes pH - Acquiphera - Solu\u00e7\u00f5es Ambientais<\/title>\n<meta name=\"robots\" content=\"index, follow, max-snippet:-1, max-image-preview:large, max-video-preview:-1\" \/>\n<link rel=\"canonical\" href=\"http:\/\/acquiphera.com.br\/index.php\/acidos-redutores-ph\/\" \/>\n<meta property=\"og:locale\" content=\"en_US\" \/>\n<meta property=\"og:type\" content=\"article\" \/>\n<meta property=\"og:title\" content=\"\u00c1cidos\/Ajustes pH - Acquiphera - Solu\u00e7\u00f5es Ambientais\" \/>\n<meta property=\"og:description\" content=\"Coagulantes Floculantes Fluoreta\u00e7\u00e3o \u00c1cidos \/ Ajustes pH Bases \/ Ajustes pH Oxida\u00e7\u00e3o e Desinfec\u00e7\u00e3o Controle de Odores \u00c1cidos \u00c1cidos s\u00e3o componentes essenciais em diversas etapas do tratamento de \u00e1gua e esgoto, sendo sua aplica\u00e7\u00e3o ajustada conforme a fase do processo e as caracter\u00edsticas da \u00e1gua. Al\u00e9m disso, s\u00e3o fundamentais na produ\u00e7\u00e3o de di\u00f3xido de cloro, [&hellip;]\" \/>\n<meta property=\"og:url\" content=\"http:\/\/acquiphera.com.br\/index.php\/acidos-redutores-ph\/\" \/>\n<meta property=\"og:site_name\" content=\"Acquiphera - Solu\u00e7\u00f5es Ambientais\" \/>\n<meta property=\"article:modified_time\" content=\"2025-04-16T13:13:16+00:00\" \/>\n<meta property=\"og:image\" content=\"http:\/\/acquiphera.com.br\/wp-content\/uploads\/2025\/02\/chemicals.jpeg\" \/>\n<meta name=\"twitter:card\" content=\"summary_large_image\" \/>\n<meta name=\"twitter:label1\" content=\"Est. reading time\" \/>\n\t<meta name=\"twitter:data1\" content=\"3 minutes\" \/>\n<script type=\"application\/ld+json\" class=\"yoast-schema-graph\">{\"@context\":\"https:\/\/schema.org\",\"@graph\":[{\"@type\":\"WebPage\",\"@id\":\"http:\/\/acquiphera.com.br\/index.php\/acidos-redutores-ph\/\",\"url\":\"http:\/\/acquiphera.com.br\/index.php\/acidos-redutores-ph\/\",\"name\":\"\u00c1cidos\/Ajustes pH - Acquiphera - Solu\u00e7\u00f5es Ambientais\",\"isPartOf\":{\"@id\":\"http:\/\/acquiphera.com.br\/#website\"},\"primaryImageOfPage\":{\"@id\":\"http:\/\/acquiphera.com.br\/index.php\/acidos-redutores-ph\/#primaryimage\"},\"image\":{\"@id\":\"http:\/\/acquiphera.com.br\/index.php\/acidos-redutores-ph\/#primaryimage\"},\"thumbnailUrl\":\"http:\/\/acquiphera.com.br\/wp-content\/uploads\/2025\/02\/chemicals.jpeg\",\"datePublished\":\"2025-02-21T15:17:37+00:00\",\"dateModified\":\"2025-04-16T13:13:16+00:00\",\"breadcrumb\":{\"@id\":\"http:\/\/acquiphera.com.br\/index.php\/acidos-redutores-ph\/#breadcrumb\"},\"inLanguage\":\"en-US\",\"potentialAction\":[{\"@type\":\"ReadAction\",\"target\":[\"http:\/\/acquiphera.com.br\/index.php\/acidos-redutores-ph\/\"]}]},{\"@type\":\"ImageObject\",\"inLanguage\":\"en-US\",\"@id\":\"http:\/\/acquiphera.com.br\/index.php\/acidos-redutores-ph\/#primaryimage\",\"url\":\"https:\/\/acquiphera.com.br\/wp-content\/uploads\/2025\/02\/chemicals.jpeg\",\"contentUrl\":\"https:\/\/acquiphera.com.br\/wp-content\/uploads\/2025\/02\/chemicals.jpeg\",\"width\":991,\"height\":548},{\"@type\":\"BreadcrumbList\",\"@id\":\"http:\/\/acquiphera.com.br\/index.php\/acidos-redutores-ph\/#breadcrumb\",\"itemListElement\":[{\"@type\":\"ListItem\",\"position\":1,\"name\":\"Home\",\"item\":\"https:\/\/acquiphera.com.br\/\"},{\"@type\":\"ListItem\",\"position\":2,\"name\":\"\u00c1cidos\/Ajustes pH\"}]},{\"@type\":\"WebSite\",\"@id\":\"http:\/\/acquiphera.com.br\/#website\",\"url\":\"http:\/\/acquiphera.com.br\/\",\"name\":\"Acquiphera - Solu\u00e7\u00f5es Ambientais\",\"description\":\"Solu\u00e7\u00f5es Ambienteis em tratamento de \u00e1gua\",\"publisher\":{\"@id\":\"http:\/\/acquiphera.com.br\/#organization\"},\"potentialAction\":[{\"@type\":\"SearchAction\",\"target\":{\"@type\":\"EntryPoint\",\"urlTemplate\":\"http:\/\/acquiphera.com.br\/?s={search_term_string}\"},\"query-input\":{\"@type\":\"PropertyValueSpecification\",\"valueRequired\":true,\"valueName\":\"search_term_string\"}}],\"inLanguage\":\"en-US\"},{\"@type\":\"Organization\",\"@id\":\"http:\/\/acquiphera.com.br\/#organization\",\"name\":\"Acquiphera - Solu\u00e7\u00f5es Ambientais\",\"url\":\"http:\/\/acquiphera.com.br\/\",\"logo\":{\"@type\":\"ImageObject\",\"inLanguage\":\"en-US\",\"@id\":\"http:\/\/acquiphera.com.br\/#\/schema\/logo\/image\/\",\"url\":\"https:\/\/acquiphera.com.br\/wp-content\/uploads\/2025\/01\/cropped-EstudoLogoAcqui2.png\",\"contentUrl\":\"https:\/\/acquiphera.com.br\/wp-content\/uploads\/2025\/01\/cropped-EstudoLogoAcqui2.png\",\"width\":470,\"height\":135,\"caption\":\"Acquiphera - Solu\u00e7\u00f5es Ambientais\"},\"image\":{\"@id\":\"http:\/\/acquiphera.com.br\/#\/schema\/logo\/image\/\"}}]}<\/script>\n<!-- \/ Yoast SEO plugin. -->","yoast_head_json":{"title":"\u00c1cidos\/Ajustes pH - Acquiphera - Solu\u00e7\u00f5es Ambientais","robots":{"index":"index","follow":"follow","max-snippet":"max-snippet:-1","max-image-preview":"max-image-preview:large","max-video-preview":"max-video-preview:-1"},"canonical":"http:\/\/acquiphera.com.br\/index.php\/acidos-redutores-ph\/","og_locale":"en_US","og_type":"article","og_title":"\u00c1cidos\/Ajustes pH - Acquiphera - Solu\u00e7\u00f5es Ambientais","og_description":"Coagulantes Floculantes Fluoreta\u00e7\u00e3o \u00c1cidos \/ Ajustes pH Bases \/ Ajustes pH Oxida\u00e7\u00e3o e Desinfec\u00e7\u00e3o Controle de Odores \u00c1cidos \u00c1cidos s\u00e3o componentes essenciais em diversas etapas do tratamento de \u00e1gua e esgoto, sendo sua aplica\u00e7\u00e3o ajustada conforme a fase do processo e as caracter\u00edsticas da \u00e1gua. Al\u00e9m disso, s\u00e3o fundamentais na produ\u00e7\u00e3o de di\u00f3xido de cloro, [&hellip;]","og_url":"http:\/\/acquiphera.com.br\/index.php\/acidos-redutores-ph\/","og_site_name":"Acquiphera - Solu\u00e7\u00f5es Ambientais","article_modified_time":"2025-04-16T13:13:16+00:00","og_image":[{"url":"http:\/\/acquiphera.com.br\/wp-content\/uploads\/2025\/02\/chemicals.jpeg","type":"","width":"","height":""}],"twitter_card":"summary_large_image","twitter_misc":{"Est. reading time":"3 minutes"},"schema":{"@context":"https:\/\/schema.org","@graph":[{"@type":"WebPage","@id":"http:\/\/acquiphera.com.br\/index.php\/acidos-redutores-ph\/","url":"http:\/\/acquiphera.com.br\/index.php\/acidos-redutores-ph\/","name":"\u00c1cidos\/Ajustes pH - Acquiphera - Solu\u00e7\u00f5es Ambientais","isPartOf":{"@id":"http:\/\/acquiphera.com.br\/#website"},"primaryImageOfPage":{"@id":"http:\/\/acquiphera.com.br\/index.php\/acidos-redutores-ph\/#primaryimage"},"image":{"@id":"http:\/\/acquiphera.com.br\/index.php\/acidos-redutores-ph\/#primaryimage"},"thumbnailUrl":"http:\/\/acquiphera.com.br\/wp-content\/uploads\/2025\/02\/chemicals.jpeg","datePublished":"2025-02-21T15:17:37+00:00","dateModified":"2025-04-16T13:13:16+00:00","breadcrumb":{"@id":"http:\/\/acquiphera.com.br\/index.php\/acidos-redutores-ph\/#breadcrumb"},"inLanguage":"en-US","potentialAction":[{"@type":"ReadAction","target":["http:\/\/acquiphera.com.br\/index.php\/acidos-redutores-ph\/"]}]},{"@type":"ImageObject","inLanguage":"en-US","@id":"http:\/\/acquiphera.com.br\/index.php\/acidos-redutores-ph\/#primaryimage","url":"https:\/\/acquiphera.com.br\/wp-content\/uploads\/2025\/02\/chemicals.jpeg","contentUrl":"https:\/\/acquiphera.com.br\/wp-content\/uploads\/2025\/02\/chemicals.jpeg","width":991,"height":548},{"@type":"BreadcrumbList","@id":"http:\/\/acquiphera.com.br\/index.php\/acidos-redutores-ph\/#breadcrumb","itemListElement":[{"@type":"ListItem","position":1,"name":"Home","item":"https:\/\/acquiphera.com.br\/"},{"@type":"ListItem","position":2,"name":"\u00c1cidos\/Ajustes pH"}]},{"@type":"WebSite","@id":"http:\/\/acquiphera.com.br\/#website","url":"http:\/\/acquiphera.com.br\/","name":"Acquiphera - Solu\u00e7\u00f5es Ambientais","description":"Solu\u00e7\u00f5es Ambienteis em tratamento de \u00e1gua","publisher":{"@id":"http:\/\/acquiphera.com.br\/#organization"},"potentialAction":[{"@type":"SearchAction","target":{"@type":"EntryPoint","urlTemplate":"http:\/\/acquiphera.com.br\/?s={search_term_string}"},"query-input":{"@type":"PropertyValueSpecification","valueRequired":true,"valueName":"search_term_string"}}],"inLanguage":"en-US"},{"@type":"Organization","@id":"http:\/\/acquiphera.com.br\/#organization","name":"Acquiphera - Solu\u00e7\u00f5es Ambientais","url":"http:\/\/acquiphera.com.br\/","logo":{"@type":"ImageObject","inLanguage":"en-US","@id":"http:\/\/acquiphera.com.br\/#\/schema\/logo\/image\/","url":"https:\/\/acquiphera.com.br\/wp-content\/uploads\/2025\/01\/cropped-EstudoLogoAcqui2.png","contentUrl":"https:\/\/acquiphera.com.br\/wp-content\/uploads\/2025\/01\/cropped-EstudoLogoAcqui2.png","width":470,"height":135,"caption":"Acquiphera - Solu\u00e7\u00f5es Ambientais"},"image":{"@id":"http:\/\/acquiphera.com.br\/#\/schema\/logo\/image\/"}}]}},"_links":{"self":[{"href":"https:\/\/acquiphera.com.br\/index.php\/wp-json\/wp\/v2\/pages\/428","targetHints":{"allow":["GET"]}}],"collection":[{"href":"https:\/\/acquiphera.com.br\/index.php\/wp-json\/wp\/v2\/pages"}],"about":[{"href":"https:\/\/acquiphera.com.br\/index.php\/wp-json\/wp\/v2\/types\/page"}],"author":[{"embeddable":true,"href":"https:\/\/acquiphera.com.br\/index.php\/wp-json\/wp\/v2\/users\/1"}],"replies":[{"embeddable":true,"href":"https:\/\/acquiphera.com.br\/index.php\/wp-json\/wp\/v2\/comments?post=428"}],"version-history":[{"count":57,"href":"https:\/\/acquiphera.com.br\/index.php\/wp-json\/wp\/v2\/pages\/428\/revisions"}],"predecessor-version":[{"id":806,"href":"https:\/\/acquiphera.com.br\/index.php\/wp-json\/wp\/v2\/pages\/428\/revisions\/806"}],"wp:attachment":[{"href":"https:\/\/acquiphera.com.br\/index.php\/wp-json\/wp\/v2\/media?parent=428"}],"curies":[{"name":"wp","href":"https:\/\/api.w.org\/{rel}","templated":true}]}}