{"id":434,"date":"2025-02-21T12:19:52","date_gmt":"2025-02-21T15:19:52","guid":{"rendered":"https:\/\/acquiphera.com.br\/?page_id=434"},"modified":"2025-05-08T10:18:35","modified_gmt":"2025-05-08T13:18:35","slug":"controledeodores_outros","status":"publish","type":"page","link":"https:\/\/acquiphera.com.br\/index.php\/controledeodores_outros\/","title":{"rendered":"Controle de Odores"},"content":{"rendered":"\t\t<div data-elementor-type=\"wp-page\" data-elementor-id=\"434\" class=\"elementor elementor-434\" data-elementor-post-type=\"page\">\n\t\t\t\t<div class=\"elementor-element elementor-element-05d945a e-flex e-con-boxed e-con e-parent\" data-id=\"05d945a\" data-element_type=\"container\">\n\t\t\t\t\t<div class=\"e-con-inner\">\n\t\t\t\t<div class=\"elementor-element elementor-element-33ce205 elementor-widget elementor-widget-image\" data-id=\"33ce205\" data-element_type=\"widget\" data-widget_type=\"image.default\">\n\t\t\t\t<div class=\"elementor-widget-container\">\n\t\t\t\t\t\t\t\t\t\t\t\t\t\t\t<img fetchpriority=\"high\" decoding=\"async\" width=\"800\" height=\"442\" src=\"http:\/\/acquiphera.com.br\/wp-content\/uploads\/2025\/02\/chemicals.jpeg\" class=\"attachment-large size-large wp-image-409\" alt=\"\" srcset=\"http:\/\/acquiphera.com.br\/wp-content\/uploads\/2025\/02\/chemicals.jpeg 991w, http:\/\/acquiphera.com.br\/wp-content\/uploads\/2025\/02\/chemicals-300x166.jpeg 300w, http:\/\/acquiphera.com.br\/wp-content\/uploads\/2025\/02\/chemicals-768x425.jpeg 768w\" sizes=\"(max-width: 800px) 100vw, 800px\" \/>\t\t\t\t\t\t\t\t\t\t\t\t\t\t\t<\/div>\n\t\t\t\t<\/div>\n\t\t\t\t\t<\/div>\n\t\t\t\t<\/div>\n\t\t<div class=\"elementor-element elementor-element-b5c8425 e-flex e-con-boxed e-con e-parent\" data-id=\"b5c8425\" data-element_type=\"container\">\n\t\t\t\t\t<div class=\"e-con-inner\">\n\t\t<div class=\"elementor-element elementor-element-7f0e16a e-con-full e-flex e-con e-child\" data-id=\"7f0e16a\" data-element_type=\"container\">\n\t\t<div class=\"elementor-element elementor-element-5472086 e-con-full e-flex e-con e-child\" data-id=\"5472086\" data-element_type=\"container\">\n\t\t\t\t<div class=\"elementor-element elementor-element-4103677 elementor-widget__width-initial elementor-icon-list--layout-traditional elementor-list-item-link-full_width elementor-widget elementor-widget-icon-list\" data-id=\"4103677\" data-element_type=\"widget\" data-widget_type=\"icon-list.default\">\n\t\t\t\t<div class=\"elementor-widget-container\">\n\t\t\t\t\t\t\t<ul class=\"elementor-icon-list-items\">\n\t\t\t\t\t\t\t<li class=\"elementor-icon-list-item\">\n\t\t\t\t\t\t\t\t\t\t\t<a href=\"https:\/\/acquiphera.com.br\/index.php\/coagulantes\/\">\n\n\t\t\t\t\t\t\t\t\t\t\t\t<span class=\"elementor-icon-list-icon\">\n\t\t\t\t\t\t\t<svg aria-hidden=\"true\" class=\"e-font-icon-svg e-fas-check-circle\" viewBox=\"0 0 512 512\" xmlns=\"http:\/\/www.w3.org\/2000\/svg\"><path d=\"M504 256c0 136.967-111.033 248-248 248S8 392.967 8 256 119.033 8 256 8s248 111.033 248 248zM227.314 387.314l184-184c6.248-6.248 6.248-16.379 0-22.627l-22.627-22.627c-6.248-6.249-16.379-6.249-22.628 0L216 308.118l-70.059-70.059c-6.248-6.248-16.379-6.248-22.628 0l-22.627 22.627c-6.248 6.248-6.248 16.379 0 22.627l104 104c6.249 6.249 16.379 6.249 22.628.001z\"><\/path><\/svg>\t\t\t\t\t\t<\/span>\n\t\t\t\t\t\t\t\t\t\t<span class=\"elementor-icon-list-text\">Coagulantes <\/span>\n\t\t\t\t\t\t\t\t\t\t\t<\/a>\n\t\t\t\t\t\t\t\t\t<\/li>\n\t\t\t\t\t\t\t\t<li class=\"elementor-icon-list-item\">\n\t\t\t\t\t\t\t\t\t\t\t<a href=\"https:\/\/acquiphera.com.br\/index.php\/floculantes\/\">\n\n\t\t\t\t\t\t\t\t\t\t\t\t<span class=\"elementor-icon-list-icon\">\n\t\t\t\t\t\t\t<svg aria-hidden=\"true\" class=\"e-font-icon-svg e-fas-check-circle\" viewBox=\"0 0 512 512\" xmlns=\"http:\/\/www.w3.org\/2000\/svg\"><path d=\"M504 256c0 136.967-111.033 248-248 248S8 392.967 8 256 119.033 8 256 8s248 111.033 248 248zM227.314 387.314l184-184c6.248-6.248 6.248-16.379 0-22.627l-22.627-22.627c-6.248-6.249-16.379-6.249-22.628 0L216 308.118l-70.059-70.059c-6.248-6.248-16.379-6.248-22.628 0l-22.627 22.627c-6.248 6.248-6.248 16.379 0 22.627l104 104c6.249 6.249 16.379 6.249 22.628.001z\"><\/path><\/svg>\t\t\t\t\t\t<\/span>\n\t\t\t\t\t\t\t\t\t\t<span class=\"elementor-icon-list-text\">Floculantes<\/span>\n\t\t\t\t\t\t\t\t\t\t\t<\/a>\n\t\t\t\t\t\t\t\t\t<\/li>\n\t\t\t\t\t\t\t\t<li class=\"elementor-icon-list-item\">\n\t\t\t\t\t\t\t\t\t\t\t<a href=\"https:\/\/acquiphera.com.br\/index.php\/fluoretacao\/\">\n\n\t\t\t\t\t\t\t\t\t\t\t\t<span class=\"elementor-icon-list-icon\">\n\t\t\t\t\t\t\t<svg aria-hidden=\"true\" class=\"e-font-icon-svg e-fas-check-circle\" viewBox=\"0 0 512 512\" xmlns=\"http:\/\/www.w3.org\/2000\/svg\"><path d=\"M504 256c0 136.967-111.033 248-248 248S8 392.967 8 256 119.033 8 256 8s248 111.033 248 248zM227.314 387.314l184-184c6.248-6.248 6.248-16.379 0-22.627l-22.627-22.627c-6.248-6.249-16.379-6.249-22.628 0L216 308.118l-70.059-70.059c-6.248-6.248-16.379-6.248-22.628 0l-22.627 22.627c-6.248 6.248-6.248 16.379 0 22.627l104 104c6.249 6.249 16.379 6.249 22.628.001z\"><\/path><\/svg>\t\t\t\t\t\t<\/span>\n\t\t\t\t\t\t\t\t\t\t<span class=\"elementor-icon-list-text\">Fluoreta\u00e7\u00e3o<\/span>\n\t\t\t\t\t\t\t\t\t\t\t<\/a>\n\t\t\t\t\t\t\t\t\t<\/li>\n\t\t\t\t\t\t\t\t<li class=\"elementor-icon-list-item\">\n\t\t\t\t\t\t\t\t\t\t\t<a href=\"https:\/\/acquiphera.com.br\/index.php\/acidos-redutores-ph\/\">\n\n\t\t\t\t\t\t\t\t\t\t\t\t<span class=\"elementor-icon-list-icon\">\n\t\t\t\t\t\t\t<svg aria-hidden=\"true\" class=\"e-font-icon-svg e-fas-check-circle\" viewBox=\"0 0 512 512\" xmlns=\"http:\/\/www.w3.org\/2000\/svg\"><path d=\"M504 256c0 136.967-111.033 248-248 248S8 392.967 8 256 119.033 8 256 8s248 111.033 248 248zM227.314 387.314l184-184c6.248-6.248 6.248-16.379 0-22.627l-22.627-22.627c-6.248-6.249-16.379-6.249-22.628 0L216 308.118l-70.059-70.059c-6.248-6.248-16.379-6.248-22.628 0l-22.627 22.627c-6.248 6.248-6.248 16.379 0 22.627l104 104c6.249 6.249 16.379 6.249 22.628.001z\"><\/path><\/svg>\t\t\t\t\t\t<\/span>\n\t\t\t\t\t\t\t\t\t\t<span class=\"elementor-icon-list-text\">\u00c1cidos \/ Ajustes pH<\/span>\n\t\t\t\t\t\t\t\t\t\t\t<\/a>\n\t\t\t\t\t\t\t\t\t<\/li>\n\t\t\t\t\t\t\t\t<li class=\"elementor-icon-list-item\">\n\t\t\t\t\t\t\t\t\t\t\t<a href=\"https:\/\/acquiphera.com.br\/index.php\/bases-elevadores-ph\/\">\n\n\t\t\t\t\t\t\t\t\t\t\t\t<span class=\"elementor-icon-list-icon\">\n\t\t\t\t\t\t\t<svg aria-hidden=\"true\" class=\"e-font-icon-svg e-fas-check-circle\" viewBox=\"0 0 512 512\" xmlns=\"http:\/\/www.w3.org\/2000\/svg\"><path d=\"M504 256c0 136.967-111.033 248-248 248S8 392.967 8 256 119.033 8 256 8s248 111.033 248 248zM227.314 387.314l184-184c6.248-6.248 6.248-16.379 0-22.627l-22.627-22.627c-6.248-6.249-16.379-6.249-22.628 0L216 308.118l-70.059-70.059c-6.248-6.248-16.379-6.248-22.628 0l-22.627 22.627c-6.248 6.248-6.248 16.379 0 22.627l104 104c6.249 6.249 16.379 6.249 22.628.001z\"><\/path><\/svg>\t\t\t\t\t\t<\/span>\n\t\t\t\t\t\t\t\t\t\t<span class=\"elementor-icon-list-text\">Bases \/ Ajustes pH<\/span>\n\t\t\t\t\t\t\t\t\t\t\t<\/a>\n\t\t\t\t\t\t\t\t\t<\/li>\n\t\t\t\t\t\t\t\t<li class=\"elementor-icon-list-item\">\n\t\t\t\t\t\t\t\t\t\t\t<a href=\"https:\/\/acquiphera.com.br\/index.php\/oxidacao-desinfeccao\/\">\n\n\t\t\t\t\t\t\t\t\t\t\t\t<span class=\"elementor-icon-list-icon\">\n\t\t\t\t\t\t\t<svg aria-hidden=\"true\" class=\"e-font-icon-svg e-fas-check-circle\" viewBox=\"0 0 512 512\" xmlns=\"http:\/\/www.w3.org\/2000\/svg\"><path d=\"M504 256c0 136.967-111.033 248-248 248S8 392.967 8 256 119.033 8 256 8s248 111.033 248 248zM227.314 387.314l184-184c6.248-6.248 6.248-16.379 0-22.627l-22.627-22.627c-6.248-6.249-16.379-6.249-22.628 0L216 308.118l-70.059-70.059c-6.248-6.248-16.379-6.248-22.628 0l-22.627 22.627c-6.248 6.248-6.248 16.379 0 22.627l104 104c6.249 6.249 16.379 6.249 22.628.001z\"><\/path><\/svg>\t\t\t\t\t\t<\/span>\n\t\t\t\t\t\t\t\t\t\t<span class=\"elementor-icon-list-text\">Oxida\u00e7\u00e3o e Desinfec\u00e7\u00e3o<\/span>\n\t\t\t\t\t\t\t\t\t\t\t<\/a>\n\t\t\t\t\t\t\t\t\t<\/li>\n\t\t\t\t\t\t\t\t<li class=\"elementor-icon-list-item\">\n\t\t\t\t\t\t\t\t\t\t\t<a href=\"https:\/\/acquiphera.com.br\/index.php\/controledeodores_outros\/\">\n\n\t\t\t\t\t\t\t\t\t\t\t\t<span class=\"elementor-icon-list-icon\">\n\t\t\t\t\t\t\t<svg aria-hidden=\"true\" class=\"e-font-icon-svg e-fas-check-circle\" viewBox=\"0 0 512 512\" xmlns=\"http:\/\/www.w3.org\/2000\/svg\"><path d=\"M504 256c0 136.967-111.033 248-248 248S8 392.967 8 256 119.033 8 256 8s248 111.033 248 248zM227.314 387.314l184-184c6.248-6.248 6.248-16.379 0-22.627l-22.627-22.627c-6.248-6.249-16.379-6.249-22.628 0L216 308.118l-70.059-70.059c-6.248-6.248-16.379-6.248-22.628 0l-22.627 22.627c-6.248 6.248-6.248 16.379 0 22.627l104 104c6.249 6.249 16.379 6.249 22.628.001z\"><\/path><\/svg>\t\t\t\t\t\t<\/span>\n\t\t\t\t\t\t\t\t\t\t<span class=\"elementor-icon-list-text\">Controle de Odores<\/span>\n\t\t\t\t\t\t\t\t\t\t\t<\/a>\n\t\t\t\t\t\t\t\t\t<\/li>\n\t\t\t\t\t\t<\/ul>\n\t\t\t\t\t\t<\/div>\n\t\t\t\t<\/div>\n\t\t\t\t<\/div>\n\t\t\t\t<\/div>\n\t\t<div class=\"elementor-element elementor-element-cdf11a0 e-con-full e-flex e-con e-child\" data-id=\"cdf11a0\" data-element_type=\"container\">\n\t\t\t\t<div class=\"elementor-element elementor-element-3fc7fbe elementor-widget elementor-widget-text-editor\" data-id=\"3fc7fbe\" data-element_type=\"widget\" data-widget_type=\"text-editor.default\">\n\t\t\t\t<div class=\"elementor-widget-container\">\n\t\t\t\t\t\t\t\t\t<h5><strong>Controle de Odores<\/strong><\/h5><p>Existem diversas t\u00e9cnicas que podem ser aplicadas para o controle de odores em<br \/>esta\u00e7\u00f5es de tratamento de \u00e1gua e esgoto. A escolha da melhor solu\u00e7\u00e3o depende das<br \/>caracter\u00edsticas da esta\u00e7\u00e3o e dos tipos de gases emitidos.<\/p>\t\t\t\t\t\t\t\t<\/div>\n\t\t\t\t<\/div>\n\t\t\t\t<\/div>\n\t\t\t\t\t<\/div>\n\t\t\t\t<\/div>\n\t\t<div class=\"elementor-element elementor-element-9fb9621 e-flex e-con-boxed e-con e-parent\" data-id=\"9fb9621\" data-element_type=\"container\">\n\t\t\t\t\t<div class=\"e-con-inner\">\n\t\t<div class=\"elementor-element elementor-element-8987346 e-con-full e-flex e-con e-child\" data-id=\"8987346\" data-element_type=\"container\">\n\t\t\t\t<div class=\"elementor-element elementor-element-47ae54a elementor-widget elementor-widget-image\" data-id=\"47ae54a\" data-element_type=\"widget\" data-widget_type=\"image.default\">\n\t\t\t\t<div class=\"elementor-widget-container\">\n\t\t\t\t\t\t\t\t\t\t\t\t\t\t\t<img decoding=\"async\" width=\"470\" height=\"457\" src=\"http:\/\/acquiphera.com.br\/wp-content\/uploads\/2025\/01\/EstudoLogoAcqui2_recortefundo.png\" class=\"attachment-large size-large wp-image-303\" alt=\"\" srcset=\"http:\/\/acquiphera.com.br\/wp-content\/uploads\/2025\/01\/EstudoLogoAcqui2_recortefundo.png 470w, http:\/\/acquiphera.com.br\/wp-content\/uploads\/2025\/01\/EstudoLogoAcqui2_recortefundo-300x292.png 300w\" sizes=\"(max-width: 470px) 100vw, 470px\" \/>\t\t\t\t\t\t\t\t\t\t\t\t\t\t\t<\/div>\n\t\t\t\t<\/div>\n\t\t\t\t<\/div>\n\t\t<div class=\"elementor-element elementor-element-346235f e-con-full e-flex e-con e-child\" data-id=\"346235f\" data-element_type=\"container\">\n\t\t\t\t<div class=\"elementor-element elementor-element-0a13caf elementor-widget elementor-widget-text-editor\" data-id=\"0a13caf\" data-element_type=\"widget\" data-widget_type=\"text-editor.default\">\n\t\t\t\t<div class=\"elementor-widget-container\">\n\t\t\t\t\t\t\t\t\t<h5><strong>Hidr\u00f3xido de c\u00e1lcio magnesiano em suspens\u00e3o aquosa &#8211; Neutrageo<\/strong><\/h5><p>Neutrageo, uma suspens\u00e3o aquosa de hidr\u00f3xido de c\u00e1lcio magnesiano, \u00e9 utilizado para neutralizar efluentes, ajustando o pH para a faixa ideal de 8,0 a 8,5. Essa a\u00e7\u00e3o desloca o equil\u00edbrio i\u00f4nico no meio, impedindo o desprendimento do g\u00e1s sulf\u00eddrico (H2S) ao mant\u00ea-lo sol\u00favel na forma de \u00edon HS-. Al\u00e9m de controlar a forma\u00e7\u00e3o de H2S, o uso de Neutrageo tamb\u00e9m contribui para a redu\u00e7\u00e3o da corros\u00e3o nos sistemas.<\/p>\t\t\t\t\t\t\t\t<\/div>\n\t\t\t\t<\/div>\n\t\t\t\t<\/div>\n\t\t\t\t\t<\/div>\n\t\t\t\t<\/div>\n\t\t<div class=\"elementor-element elementor-element-86393e7 e-flex e-con-boxed e-con e-parent\" data-id=\"86393e7\" data-element_type=\"container\">\n\t\t\t\t\t<div class=\"e-con-inner\">\n\t\t<div class=\"elementor-element elementor-element-498ab4f e-con-full e-flex e-con e-child\" data-id=\"498ab4f\" data-element_type=\"container\">\n\t\t\t\t<div class=\"elementor-element elementor-element-e5b73e5 elementor-widget elementor-widget-image\" data-id=\"e5b73e5\" data-element_type=\"widget\" data-widget_type=\"image.default\">\n\t\t\t\t<div class=\"elementor-widget-container\">\n\t\t\t\t\t\t\t\t\t\t\t\t\t\t\t<img decoding=\"async\" width=\"470\" height=\"457\" src=\"http:\/\/acquiphera.com.br\/wp-content\/uploads\/2025\/01\/EstudoLogoAcqui2_recortefundo.png\" class=\"attachment-large size-large wp-image-303\" alt=\"\" srcset=\"http:\/\/acquiphera.com.br\/wp-content\/uploads\/2025\/01\/EstudoLogoAcqui2_recortefundo.png 470w, http:\/\/acquiphera.com.br\/wp-content\/uploads\/2025\/01\/EstudoLogoAcqui2_recortefundo-300x292.png 300w\" sizes=\"(max-width: 470px) 100vw, 470px\" \/>\t\t\t\t\t\t\t\t\t\t\t\t\t\t\t<\/div>\n\t\t\t\t<\/div>\n\t\t\t\t<\/div>\n\t\t\t\t<div class=\"elementor-element elementor-element-80ff1a1 elementor-widget__width-initial elementor-widget elementor-widget-text-editor\" data-id=\"80ff1a1\" data-element_type=\"widget\" data-widget_type=\"text-editor.default\">\n\t\t\t\t<div class=\"elementor-widget-container\">\n\t\t\t\t\t\t\t\t\t<h5><strong>Carv\u00e3o ativado em p\u00f3 e granulado<\/strong><\/h5><p>O carv\u00e3o ativado, dispon\u00edvel nas formas em p\u00f3 e granulado, \u00e9 uma solu\u00e7\u00e3o eficaz para o controle de odores tanto em \u00e1gua quanto em efluentes, com aplica\u00e7\u00f5es distintas para cada forma. No tratamento de \u00e1gua, o carv\u00e3o ativado em p\u00f3 \u00e9 frequentemente empregado para remover compostos que causam gosto e odor, especialmente os originados pela presen\u00e7a de algas, al\u00e9m de adsorver outras subst\u00e2ncias org\u00e2nicas indesej\u00e1veis. O carv\u00e3o granulado, por sua vez, \u00e9 comumente utilizado em sistemas de filtra\u00e7\u00e3o cont\u00ednua.<\/p><p>Para encontrar os produtos mais adequados e as melhores estrat\u00e9gias de aplica\u00e7\u00e3o para sua necessidade, consulte a Acquiphera.<\/p>\t\t\t\t\t\t\t\t<\/div>\n\t\t\t\t<\/div>\n\t\t\t\t\t<\/div>\n\t\t\t\t<\/div>\n\t\t<div class=\"elementor-element elementor-element-acaa901 e-flex e-con-boxed e-con e-parent\" data-id=\"acaa901\" data-element_type=\"container\">\n\t\t\t\t\t<div class=\"e-con-inner\">\n\t\t<div class=\"elementor-element elementor-element-fc227ae e-con-full e-flex e-con e-child\" data-id=\"fc227ae\" data-element_type=\"container\">\n\t\t\t\t<div class=\"elementor-element elementor-element-5686220 elementor-widget elementor-widget-image\" data-id=\"5686220\" data-element_type=\"widget\" data-widget_type=\"image.default\">\n\t\t\t\t<div class=\"elementor-widget-container\">\n\t\t\t\t\t\t\t\t\t\t\t\t\t\t\t<img decoding=\"async\" width=\"470\" height=\"457\" src=\"http:\/\/acquiphera.com.br\/wp-content\/uploads\/2025\/01\/EstudoLogoAcqui2_recortefundo.png\" class=\"attachment-large size-large wp-image-303\" alt=\"\" srcset=\"http:\/\/acquiphera.com.br\/wp-content\/uploads\/2025\/01\/EstudoLogoAcqui2_recortefundo.png 470w, http:\/\/acquiphera.com.br\/wp-content\/uploads\/2025\/01\/EstudoLogoAcqui2_recortefundo-300x292.png 300w\" sizes=\"(max-width: 470px) 100vw, 470px\" \/>\t\t\t\t\t\t\t\t\t\t\t\t\t\t\t<\/div>\n\t\t\t\t<\/div>\n\t\t\t\t<\/div>\n\t\t\t\t<div class=\"elementor-element elementor-element-7870d1a elementor-widget__width-initial elementor-widget elementor-widget-text-editor\" data-id=\"7870d1a\" data-element_type=\"widget\" data-widget_type=\"text-editor.default\">\n\t\t\t\t<div class=\"elementor-widget-container\">\n\t\t\t\t\t\t\t\t\t<h5><strong>Encapsulamento<\/strong><\/h5>\n<p>A t\u00e9cnica de encapsulamento, realizada por meio de sistemas de aspers\u00e3o ou aplica\u00e7\u00e3o direta no efluente, \u00e9 eficaz para conter a dispers\u00e3o de gases odor\u00edferos. Aplicada durante as etapas mais cr\u00edticas do processo de tratamento, essa abordagem evita que os odores se espalhem para o ambiente externo. Ao manter os gases confinados, o encapsulamento facilita o gerenciamento e o tratamento subsequente desses odores.<\/p>\t\t\t\t\t\t\t\t<\/div>\n\t\t\t\t<\/div>\n\t\t\t\t\t<\/div>\n\t\t\t\t<\/div>\n\t\t\t\t<\/div>\n\t\t","protected":false},"excerpt":{"rendered":"<p>Coagulantes Floculantes Fluoreta\u00e7\u00e3o \u00c1cidos \/ Ajustes pH Bases \/ Ajustes pH Oxida\u00e7\u00e3o e Desinfec\u00e7\u00e3o Controle de Odores Controle de Odores Existem diversas t\u00e9cnicas que podem ser aplicadas para o controle de odores emesta\u00e7\u00f5es de tratamento de \u00e1gua e esgoto. A escolha da melhor solu\u00e7\u00e3o depende dascaracter\u00edsticas da esta\u00e7\u00e3o e dos tipos de gases emitidos. Hidr\u00f3xido [&hellip;]<\/p>\n","protected":false},"author":1,"featured_media":0,"parent":0,"menu_order":0,"comment_status":"closed","ping_status":"closed","template":"","meta":{"_joinchat":[],"footnotes":""},"class_list":["post-434","page","type-page","status-publish","hentry"],"yoast_head":"<!-- This site is optimized with the Yoast SEO plugin v24.1 - https:\/\/yoast.com\/wordpress\/plugins\/seo\/ -->\n<title>Controle de Odores - Acquiphera - Solu\u00e7\u00f5es Ambientais<\/title>\n<meta name=\"robots\" content=\"index, follow, max-snippet:-1, max-image-preview:large, max-video-preview:-1\" \/>\n<link rel=\"canonical\" href=\"http:\/\/acquiphera.com.br\/index.php\/controledeodores_outros\/\" \/>\n<meta property=\"og:locale\" content=\"en_US\" \/>\n<meta property=\"og:type\" content=\"article\" \/>\n<meta property=\"og:title\" content=\"Controle de Odores - Acquiphera - Solu\u00e7\u00f5es Ambientais\" \/>\n<meta property=\"og:description\" content=\"Coagulantes Floculantes Fluoreta\u00e7\u00e3o \u00c1cidos \/ Ajustes pH Bases \/ Ajustes pH Oxida\u00e7\u00e3o e Desinfec\u00e7\u00e3o Controle de Odores Controle de Odores Existem diversas t\u00e9cnicas que podem ser aplicadas para o controle de odores emesta\u00e7\u00f5es de tratamento de \u00e1gua e esgoto. A escolha da melhor solu\u00e7\u00e3o depende dascaracter\u00edsticas da esta\u00e7\u00e3o e dos tipos de gases emitidos. Hidr\u00f3xido [&hellip;]\" \/>\n<meta property=\"og:url\" content=\"http:\/\/acquiphera.com.br\/index.php\/controledeodores_outros\/\" \/>\n<meta property=\"og:site_name\" content=\"Acquiphera - Solu\u00e7\u00f5es Ambientais\" \/>\n<meta property=\"article:modified_time\" content=\"2025-05-08T13:18:35+00:00\" \/>\n<meta property=\"og:image\" content=\"http:\/\/acquiphera.com.br\/wp-content\/uploads\/2025\/02\/chemicals.jpeg\" \/>\n<meta name=\"twitter:card\" content=\"summary_large_image\" \/>\n<meta name=\"twitter:label1\" content=\"Est. reading time\" \/>\n\t<meta name=\"twitter:data1\" content=\"3 minutes\" \/>\n<script type=\"application\/ld+json\" class=\"yoast-schema-graph\">{\"@context\":\"https:\/\/schema.org\",\"@graph\":[{\"@type\":\"WebPage\",\"@id\":\"http:\/\/acquiphera.com.br\/index.php\/controledeodores_outros\/\",\"url\":\"http:\/\/acquiphera.com.br\/index.php\/controledeodores_outros\/\",\"name\":\"Controle de Odores - Acquiphera - Solu\u00e7\u00f5es Ambientais\",\"isPartOf\":{\"@id\":\"http:\/\/acquiphera.com.br\/#website\"},\"primaryImageOfPage\":{\"@id\":\"http:\/\/acquiphera.com.br\/index.php\/controledeodores_outros\/#primaryimage\"},\"image\":{\"@id\":\"http:\/\/acquiphera.com.br\/index.php\/controledeodores_outros\/#primaryimage\"},\"thumbnailUrl\":\"http:\/\/acquiphera.com.br\/wp-content\/uploads\/2025\/02\/chemicals.jpeg\",\"datePublished\":\"2025-02-21T15:19:52+00:00\",\"dateModified\":\"2025-05-08T13:18:35+00:00\",\"breadcrumb\":{\"@id\":\"http:\/\/acquiphera.com.br\/index.php\/controledeodores_outros\/#breadcrumb\"},\"inLanguage\":\"en-US\",\"potentialAction\":[{\"@type\":\"ReadAction\",\"target\":[\"http:\/\/acquiphera.com.br\/index.php\/controledeodores_outros\/\"]}]},{\"@type\":\"ImageObject\",\"inLanguage\":\"en-US\",\"@id\":\"http:\/\/acquiphera.com.br\/index.php\/controledeodores_outros\/#primaryimage\",\"url\":\"https:\/\/acquiphera.com.br\/wp-content\/uploads\/2025\/02\/chemicals.jpeg\",\"contentUrl\":\"https:\/\/acquiphera.com.br\/wp-content\/uploads\/2025\/02\/chemicals.jpeg\",\"width\":991,\"height\":548},{\"@type\":\"BreadcrumbList\",\"@id\":\"http:\/\/acquiphera.com.br\/index.php\/controledeodores_outros\/#breadcrumb\",\"itemListElement\":[{\"@type\":\"ListItem\",\"position\":1,\"name\":\"Home\",\"item\":\"https:\/\/acquiphera.com.br\/\"},{\"@type\":\"ListItem\",\"position\":2,\"name\":\"Controle de Odores\"}]},{\"@type\":\"WebSite\",\"@id\":\"http:\/\/acquiphera.com.br\/#website\",\"url\":\"http:\/\/acquiphera.com.br\/\",\"name\":\"Acquiphera - Solu\u00e7\u00f5es Ambientais\",\"description\":\"Solu\u00e7\u00f5es Ambienteis em tratamento de \u00e1gua\",\"publisher\":{\"@id\":\"http:\/\/acquiphera.com.br\/#organization\"},\"potentialAction\":[{\"@type\":\"SearchAction\",\"target\":{\"@type\":\"EntryPoint\",\"urlTemplate\":\"http:\/\/acquiphera.com.br\/?s={search_term_string}\"},\"query-input\":{\"@type\":\"PropertyValueSpecification\",\"valueRequired\":true,\"valueName\":\"search_term_string\"}}],\"inLanguage\":\"en-US\"},{\"@type\":\"Organization\",\"@id\":\"http:\/\/acquiphera.com.br\/#organization\",\"name\":\"Acquiphera - Solu\u00e7\u00f5es Ambientais\",\"url\":\"http:\/\/acquiphera.com.br\/\",\"logo\":{\"@type\":\"ImageObject\",\"inLanguage\":\"en-US\",\"@id\":\"http:\/\/acquiphera.com.br\/#\/schema\/logo\/image\/\",\"url\":\"https:\/\/acquiphera.com.br\/wp-content\/uploads\/2025\/01\/cropped-EstudoLogoAcqui2.png\",\"contentUrl\":\"https:\/\/acquiphera.com.br\/wp-content\/uploads\/2025\/01\/cropped-EstudoLogoAcqui2.png\",\"width\":470,\"height\":135,\"caption\":\"Acquiphera - Solu\u00e7\u00f5es Ambientais\"},\"image\":{\"@id\":\"http:\/\/acquiphera.com.br\/#\/schema\/logo\/image\/\"}}]}<\/script>\n<!-- \/ Yoast SEO plugin. -->","yoast_head_json":{"title":"Controle de Odores - Acquiphera - Solu\u00e7\u00f5es Ambientais","robots":{"index":"index","follow":"follow","max-snippet":"max-snippet:-1","max-image-preview":"max-image-preview:large","max-video-preview":"max-video-preview:-1"},"canonical":"http:\/\/acquiphera.com.br\/index.php\/controledeodores_outros\/","og_locale":"en_US","og_type":"article","og_title":"Controle de Odores - Acquiphera - Solu\u00e7\u00f5es Ambientais","og_description":"Coagulantes Floculantes Fluoreta\u00e7\u00e3o \u00c1cidos \/ Ajustes pH Bases \/ Ajustes pH Oxida\u00e7\u00e3o e Desinfec\u00e7\u00e3o Controle de Odores Controle de Odores Existem diversas t\u00e9cnicas que podem ser aplicadas para o controle de odores emesta\u00e7\u00f5es de tratamento de \u00e1gua e esgoto. A escolha da melhor solu\u00e7\u00e3o depende dascaracter\u00edsticas da esta\u00e7\u00e3o e dos tipos de gases emitidos. Hidr\u00f3xido [&hellip;]","og_url":"http:\/\/acquiphera.com.br\/index.php\/controledeodores_outros\/","og_site_name":"Acquiphera - Solu\u00e7\u00f5es Ambientais","article_modified_time":"2025-05-08T13:18:35+00:00","og_image":[{"url":"http:\/\/acquiphera.com.br\/wp-content\/uploads\/2025\/02\/chemicals.jpeg","type":"","width":"","height":""}],"twitter_card":"summary_large_image","twitter_misc":{"Est. reading time":"3 minutes"},"schema":{"@context":"https:\/\/schema.org","@graph":[{"@type":"WebPage","@id":"http:\/\/acquiphera.com.br\/index.php\/controledeodores_outros\/","url":"http:\/\/acquiphera.com.br\/index.php\/controledeodores_outros\/","name":"Controle de Odores - Acquiphera - Solu\u00e7\u00f5es Ambientais","isPartOf":{"@id":"http:\/\/acquiphera.com.br\/#website"},"primaryImageOfPage":{"@id":"http:\/\/acquiphera.com.br\/index.php\/controledeodores_outros\/#primaryimage"},"image":{"@id":"http:\/\/acquiphera.com.br\/index.php\/controledeodores_outros\/#primaryimage"},"thumbnailUrl":"http:\/\/acquiphera.com.br\/wp-content\/uploads\/2025\/02\/chemicals.jpeg","datePublished":"2025-02-21T15:19:52+00:00","dateModified":"2025-05-08T13:18:35+00:00","breadcrumb":{"@id":"http:\/\/acquiphera.com.br\/index.php\/controledeodores_outros\/#breadcrumb"},"inLanguage":"en-US","potentialAction":[{"@type":"ReadAction","target":["http:\/\/acquiphera.com.br\/index.php\/controledeodores_outros\/"]}]},{"@type":"ImageObject","inLanguage":"en-US","@id":"http:\/\/acquiphera.com.br\/index.php\/controledeodores_outros\/#primaryimage","url":"https:\/\/acquiphera.com.br\/wp-content\/uploads\/2025\/02\/chemicals.jpeg","contentUrl":"https:\/\/acquiphera.com.br\/wp-content\/uploads\/2025\/02\/chemicals.jpeg","width":991,"height":548},{"@type":"BreadcrumbList","@id":"http:\/\/acquiphera.com.br\/index.php\/controledeodores_outros\/#breadcrumb","itemListElement":[{"@type":"ListItem","position":1,"name":"Home","item":"https:\/\/acquiphera.com.br\/"},{"@type":"ListItem","position":2,"name":"Controle de Odores"}]},{"@type":"WebSite","@id":"http:\/\/acquiphera.com.br\/#website","url":"http:\/\/acquiphera.com.br\/","name":"Acquiphera - Solu\u00e7\u00f5es Ambientais","description":"Solu\u00e7\u00f5es Ambienteis em tratamento de \u00e1gua","publisher":{"@id":"http:\/\/acquiphera.com.br\/#organization"},"potentialAction":[{"@type":"SearchAction","target":{"@type":"EntryPoint","urlTemplate":"http:\/\/acquiphera.com.br\/?s={search_term_string}"},"query-input":{"@type":"PropertyValueSpecification","valueRequired":true,"valueName":"search_term_string"}}],"inLanguage":"en-US"},{"@type":"Organization","@id":"http:\/\/acquiphera.com.br\/#organization","name":"Acquiphera - Solu\u00e7\u00f5es Ambientais","url":"http:\/\/acquiphera.com.br\/","logo":{"@type":"ImageObject","inLanguage":"en-US","@id":"http:\/\/acquiphera.com.br\/#\/schema\/logo\/image\/","url":"https:\/\/acquiphera.com.br\/wp-content\/uploads\/2025\/01\/cropped-EstudoLogoAcqui2.png","contentUrl":"https:\/\/acquiphera.com.br\/wp-content\/uploads\/2025\/01\/cropped-EstudoLogoAcqui2.png","width":470,"height":135,"caption":"Acquiphera - Solu\u00e7\u00f5es Ambientais"},"image":{"@id":"http:\/\/acquiphera.com.br\/#\/schema\/logo\/image\/"}}]}},"_links":{"self":[{"href":"https:\/\/acquiphera.com.br\/index.php\/wp-json\/wp\/v2\/pages\/434","targetHints":{"allow":["GET"]}}],"collection":[{"href":"https:\/\/acquiphera.com.br\/index.php\/wp-json\/wp\/v2\/pages"}],"about":[{"href":"https:\/\/acquiphera.com.br\/index.php\/wp-json\/wp\/v2\/types\/page"}],"author":[{"embeddable":true,"href":"https:\/\/acquiphera.com.br\/index.php\/wp-json\/wp\/v2\/users\/1"}],"replies":[{"embeddable":true,"href":"https:\/\/acquiphera.com.br\/index.php\/wp-json\/wp\/v2\/comments?post=434"}],"version-history":[{"count":42,"href":"https:\/\/acquiphera.com.br\/index.php\/wp-json\/wp\/v2\/pages\/434\/revisions"}],"predecessor-version":[{"id":868,"href":"https:\/\/acquiphera.com.br\/index.php\/wp-json\/wp\/v2\/pages\/434\/revisions\/868"}],"wp:attachment":[{"href":"https:\/\/acquiphera.com.br\/index.php\/wp-json\/wp\/v2\/media?parent=434"}],"curies":[{"name":"wp","href":"https:\/\/api.w.org\/{rel}","templated":true}]}}